{"id":35,"date":"2019-03-16T04:05:39","date_gmt":"2019-03-16T04:05:39","guid":{"rendered":"http:\/\/demo.ovathemes.com\/pogon\/?page_id=35"},"modified":"2025-04-25T19:21:02","modified_gmt":"2025-04-25T22:21:02","slug":"home-page-2","status":"publish","type":"page","link":"https:\/\/arquimedesmg.com.br\/","title":{"rendered":"Home Page 2"},"content":{"rendered":"\t\t<div data-elementor-type=\"wp-post\" data-elementor-id=\"35\" class=\"elementor elementor-35\" data-elementor-settings=\"[]\">\n\t\t\t\t\t\t\t<div class=\"elementor-section-wrap\">\n\t\t\t\t\t\t\t<section class=\"elementor-section elementor-top-section elementor-element elementor-element-3b31aba elementor-section-full_width elementor-section-height-default elementor-section-height-default\" data-id=\"3b31aba\" data-element_type=\"section\">\n\t\t\t\t\t\t<div class=\"elementor-container elementor-column-gap-no\">\n\t\t\t\t\t<div class=\"elementor-column elementor-col-100 elementor-top-column elementor-element elementor-element-4ad765b\" data-id=\"4ad765b\" data-element_type=\"column\">\n\t\t\t<div class=\"elementor-widget-wrap elementor-element-populated\">\n\t\t\t\t\t\t\t\t<div class=\"elementor-element elementor-element-6fe8f0a elementor-widget elementor-widget-text-editor\" data-id=\"6fe8f0a\" data-element_type=\"widget\" data-widget_type=\"text-editor.default\">\n\t\t\t\t<div class=\"elementor-widget-container\">\n\t\t\t\t\t\t\t\t<table class=\"widefat mpsl-sliders-table\"><tbody><tr><td><div class=\"motoslider_wrapper \" id=\"motoslider_wrapper6a045dff01031\" >\n        <div data-motoslider style=\"height: 600px; max-height: 600px;\">\n    <\/div>\n    <div class=\"motoslider\" style=\"display: none;\">\n        <div id=\"settings\"  data-full-window-width=\"true\" data-full-height=\"false\" data-full-height-offset=\"px\" data-full-height-offset-container=\"\" data-full-size-grid=\"true\" data-timer=\"false\" data-timer-delay=\"8000\" data-hover-timer=\"false\" data-counter=\"false\" data-slider-layout=\"auto\" data-timer-reverse=\"false\" data-arrows-show=\"true\" data-thumbnails-show=\"true\" data-slideshow-timer-show=\"true\" data-slideshow-ppb-show=\"true\" data-controls-hide-on-leave=\"false\" data-swipe=\"true\" data-delay-init=\"0\" data-scroll-init=\"false\" data-start-slide=\"1\" data-visible-from=\"480\" data-visible-till=\"\" data-layout-desktop-width=\"1170\" data-layout-desktop-height=\"600\" data-layout-notebook-width=\"1024\" data-layout-notebook-height=\"768\" data-layout-tablet-width=\"778\" data-layout-tablet-height=\"960\" data-layout-mobile-width=\"480\" data-layout-mobile-height=\"720\" data-layout=\"true;false;false;false\" data-custom-class=\"\">\n        <\/div>\n        <div id=\"slides\">\n                            <div class=\"slide\"  data-class=\"\" data-id=\"\" data-animation=\"msSlide\" data-fade-animation=\"msSlide\" data-duration=\"2000\" data-easing=\"easeOutCirc\">\n                    <div class=\"slide_bg\" >\n                        <div  data-src=\"https:\/\/arquimedesmg.com.br\/wp-content\/uploads\/2019\/03\/concept.jpg\" data-type=\"image\" data-fit=\"normal\" data-position=\"center center\" data-repeat=\"no-repeat\"><\/div>                    <\/div>\n                    <div class=\"layers\">\n                                                            <div class=\"layer\"  data-type=\"html\" data-align-horizontal=\"center;center;center;center\" data-align-vertical=\"middle;middle;middle;middle\" data-offset-x=\"0;0;0;0\" data-offset-y=\"0;0;0;0\" data-animation=\"fadeIn\" data-timing-function=\"easeIn\" data-duration=\"1500\" data-leave-animation=\"auto\" data-leave-timing-function=\"linear\" data-leave-duration=\"1000\" data-delay=\"1000\" data-resizable=\"1\" data-dont-change-position=\"\" data-hide-width=\"\" data-font-size=\";;;\" data-line-height=\";;;\" data-text-align=\";;;\" data-width=\";;;\" data-white-space=\"normal;normal;normal;normal\" data-class=\"mpsl-layer mpsl-private-preset-4\">Solu\u00e7\u00f5es personalizados para <br \/>licita\u00e7\u00f5es p\u00fablicas<\/div>\n                                                    <\/div>\n                <\/div>\n                    <\/div>\n    <\/div>\n<\/div>\n    <p class=\"motopress-hide-script mpsl-hide-script\">\n        <script type=\"text\/javascript\" id='mpsl-slider-fonts-load-motoslider_wrapper6a045dff01031'>\n            var font = document.createElement('link');\n            font.rel = 'stylesheet';\n            font.type = 'text\/css';\n            font.className = 'mpsl-fonts-link';\n            font.href = 'https:\/\/fonts.googleapis.com\/css?family=Ubuntu%3Aregular';\n            document.getElementsByTagName('head')[0].appendChild(font);\n        <\/script>\n    <\/p>\n<p class=\"motopress-hide-script mpsl-hide-script\">\n    <script type=\"text\/javascript\" id='mpsl-fix-height-motoslider_wrapper6a045dff01031'>\n        var aspect = 0.51282051282051;\n        var sliderWrapper = document.getElementById('motoslider_wrapper6a045dff01031');\n        var outerWidth = sliderWrapper.offsetWidth;\n        var curHeight = outerWidth * aspect;\n        sliderWrapper.querySelector('[data-motoslider]').height = curHeight + 'px';\n    <\/script>\n<\/p><\/td><\/tr><\/tbody><\/table>\t\t\t\t\t\t<\/div>\n\t\t\t\t<\/div>\n\t\t\t\t\t<\/div>\n\t\t<\/div>\n\t\t\t\t\t\t\t<\/div>\n\t\t<\/section>\n\t\t\t\t<section class=\"elementor-section elementor-top-section elementor-element elementor-element-8368364 elementor-section-full_width elementor-section-height-default elementor-section-height-default\" data-id=\"8368364\" data-element_type=\"section\" data-settings=\"{&quot;background_background&quot;:&quot;classic&quot;}\">\n\t\t\t\t\t\t<div class=\"elementor-container elementor-column-gap-default\">\n\t\t\t\t\t<div class=\"elementor-column elementor-col-33 elementor-top-column elementor-element elementor-element-82da3cc\" data-id=\"82da3cc\" data-element_type=\"column\">\n\t\t\t<div class=\"elementor-widget-wrap\">\n\t\t\t\t\t\t\t\t\t<\/div>\n\t\t<\/div>\n\t\t\t\t<div class=\"elementor-column elementor-col-33 elementor-top-column elementor-element elementor-element-48f644b\" data-id=\"48f644b\" data-element_type=\"column\">\n\t\t\t<div class=\"elementor-widget-wrap elementor-element-populated\">\n\t\t\t\t\t\t\t\t<div class=\"elementor-element elementor-element-c6ec082 elementor-widget elementor-widget-heading\" data-id=\"c6ec082\" data-element_type=\"widget\" data-widget_type=\"heading.default\">\n\t\t\t\t<div class=\"elementor-widget-container\">\n\t\t\t<h2 class=\"elementor-heading-title elementor-size-default\">Quem Somos<\/h2>\t\t<\/div>\n\t\t\t\t<\/div>\n\t\t\t\t<div class=\"elementor-element elementor-element-e79d512 elementor-widget elementor-widget-text-editor\" data-id=\"e79d512\" data-element_type=\"widget\" data-widget_type=\"text-editor.default\">\n\t\t\t\t<div class=\"elementor-widget-container\">\n\t\t\t\t\t\t\t\t<p><strong><span style=\"color: #ffffff;\">A Arquimedes \u00e9 uma ind\u00fastria 100% nacional, fabricante de equipamentos de inform\u00e1tica. Nossa sede fica localizada em Belo Horizonte \/ MG. Possu\u00edmos diversos produtos na \u00e1rea de TI e automa\u00e7\u00e3o comercial, com solu\u00e7\u00f5es que v\u00e3o atender as necessidades dos mercados corporativo p\u00fablico e privado, educacional. Dispomos de setores dedicados a vendas, licita\u00e7\u00f5es e loca\u00e7\u00e3o de equipamentos. Possu\u00edmos um departamento interno de manuten\u00e7\u00e3o onde prestamos a assist\u00eancia t\u00e9cnica de nossos equipamentos, al\u00e9m de sermos autorizada de v\u00e1rias marcas.<\/span><\/strong><br \/><strong><span style=\"color: #ffffff;\">Na Arquimedes, estamos sempre em um processo cont\u00ednuo de inova\u00e7\u00f5es, mantendo a efic\u00e1cia e o conceito \u2013 fazer certo da primeira vez. Com isso, a empresa \u00e9 certificada nas normas ISO 9001:2015. Assim, buscamos a melhoria continua em todos os nossos processos e trabalhamos para desenvolver pr\u00e1ticas sustent\u00e1veis que abrangem o nosso neg\u00f3cio e o meio ambiente.<\/span><\/strong><\/p>\t\t\t\t\t\t<\/div>\n\t\t\t\t<\/div>\n\t\t\t\t<div class=\"elementor-element elementor-element-cb8df6c elementor-align-center elementor-widget elementor-widget-button\" data-id=\"cb8df6c\" data-element_type=\"widget\" data-widget_type=\"button.default\">\n\t\t\t\t<div class=\"elementor-widget-container\">\n\t\t\t\t\t<div class=\"elementor-button-wrapper\">\n\t\t\t<a href=\"#\" target=\"_blank\" class=\"elementor-button-link elementor-button elementor-size-sm\" role=\"button\" id=\"Institucional\">\n\t\t\t\t\t\t<span class=\"elementor-button-content-wrapper\">\n\t\t\t\t\t\t<span class=\"elementor-button-text\">Saiba +<\/span>\n\t\t<\/span>\n\t\t\t\t\t<\/a>\n\t\t<\/div>\n\t\t\t\t<\/div>\n\t\t\t\t<\/div>\n\t\t\t\t\t<\/div>\n\t\t<\/div>\n\t\t\t\t<div class=\"elementor-column elementor-col-33 elementor-top-column elementor-element elementor-element-54e8d0c\" data-id=\"54e8d0c\" data-element_type=\"column\">\n\t\t\t<div class=\"elementor-widget-wrap\">\n\t\t\t\t\t\t\t\t\t<\/div>\n\t\t<\/div>\n\t\t\t\t\t\t\t<\/div>\n\t\t<\/section>\n\t\t\t\t<section class=\"elementor-section elementor-top-section elementor-element elementor-element-5771cd9 elementor-section-full_width elementor-section-height-default elementor-section-height-default\" data-id=\"5771cd9\" data-element_type=\"section\">\n\t\t\t\t\t\t<div class=\"elementor-container elementor-column-gap-default\">\n\t\t\t\t\t<div class=\"elementor-column elementor-col-100 elementor-top-column elementor-element elementor-element-a48644f\" data-id=\"a48644f\" data-element_type=\"column\">\n\t\t\t<div class=\"elementor-widget-wrap elementor-element-populated\">\n\t\t\t\t\t\t\t\t<div class=\"elementor-element elementor-element-2578efa elementor-widget-divider--view-line_icon elementor-view-default elementor-widget-divider--element-align-center elementor-widget elementor-widget-divider\" data-id=\"2578efa\" data-element_type=\"widget\" data-widget_type=\"divider.default\">\n\t\t\t\t<div class=\"elementor-widget-container\">\n\t\t\t\t\t<div class=\"elementor-divider\">\n\t\t\t<span class=\"elementor-divider-separator\">\n\t\t\t\t\t\t\t<div class=\"elementor-icon elementor-divider__element\">\n\t\t\t\t\t<i aria-hidden=\"true\" class=\"fas fa-stream\"><\/i><\/div>\n\t\t\t\t\t\t<\/span>\n\t\t<\/div>\n\t\t\t\t<\/div>\n\t\t\t\t<\/div>\n\t\t\t\t\t<\/div>\n\t\t<\/div>\n\t\t\t\t\t\t\t<\/div>\n\t\t<\/section>\n\t\t\t\t<section class=\"elementor-section elementor-top-section elementor-element elementor-element-f49e960 elementor-section-boxed elementor-section-height-default elementor-section-height-default\" data-id=\"f49e960\" data-element_type=\"section\" data-settings=\"{&quot;background_background&quot;:&quot;classic&quot;}\">\n\t\t\t\t\t\t\t<div class=\"elementor-background-overlay\"><\/div>\n\t\t\t\t\t\t\t<div class=\"elementor-container elementor-column-gap-default\">\n\t\t\t\t\t<div class=\"elementor-column elementor-col-25 elementor-top-column elementor-element elementor-element-00dced4\" data-id=\"00dced4\" data-element_type=\"column\">\n\t\t\t<div class=\"elementor-widget-wrap elementor-element-populated\">\n\t\t\t\t\t\t\t\t<div class=\"elementor-element elementor-element-1d68212 elementor-widget elementor-widget-image\" data-id=\"1d68212\" data-element_type=\"widget\" data-widget_type=\"image.default\">\n\t\t\t\t<div class=\"elementor-widget-container\">\n\t\t\t\t\t\t\t\t\t\t\t\t\t\t\t<img width=\"150\" height=\"150\" src=\"https:\/\/arquimedesmg.com.br\/wp-content\/uploads\/2021\/02\/a78973eb-0c88-4204-8ace-c3dfd9af9977-150x150.png\" class=\"attachment-thumbnail size-thumbnail\" alt=\"\" loading=\"lazy\" srcset=\"https:\/\/arquimedesmg.com.br\/wp-content\/uploads\/2021\/02\/a78973eb-0c88-4204-8ace-c3dfd9af9977-150x150.png 150w, https:\/\/arquimedesmg.com.br\/wp-content\/uploads\/2021\/02\/a78973eb-0c88-4204-8ace-c3dfd9af9977.png 188w\" sizes=\"(max-width: 150px) 100vw, 150px\" \/>\t\t\t\t\t\t\t\t\t\t\t\t\t\t\t<\/div>\n\t\t\t\t<\/div>\n\t\t\t\t<div class=\"elementor-element elementor-element-4b5012f elementor-widget elementor-widget-heading\" data-id=\"4b5012f\" data-element_type=\"widget\" data-widget_type=\"heading.default\">\n\t\t\t\t<div class=\"elementor-widget-container\">\n\t\t\t<h2 class=\"elementor-heading-title elementor-size-default\">Assist\u00eancia T\u00e9cnica<\/h2>\t\t<\/div>\n\t\t\t\t<\/div>\n\t\t\t\t<div class=\"elementor-element elementor-element-dd418ec elementor-widget elementor-widget-text-editor\" data-id=\"dd418ec\" data-element_type=\"widget\" data-widget_type=\"text-editor.default\">\n\t\t\t\t<div class=\"elementor-widget-container\">\n\t\t\t\t\t\t\t\t<h4 style=\"text-align: center;\"><span style=\"color: #ffffff;\">Precisando de ajuda?<\/span><br \/><span style=\"color: #ffffff;\">Entre em contato com nossos consultores&#8230;<\/span><\/h4>\t\t\t\t\t\t<\/div>\n\t\t\t\t<\/div>\n\t\t\t\t<div class=\"elementor-element elementor-element-3024bb4 elementor-align-center elementor-widget elementor-widget-button\" data-id=\"3024bb4\" data-element_type=\"widget\" data-widget_type=\"button.default\">\n\t\t\t\t<div class=\"elementor-widget-container\">\n\t\t\t\t\t<div class=\"elementor-button-wrapper\">\n\t\t\t<a href=\"https:\/\/arquimedesmg.com.br\/?page_id=1741\" class=\"elementor-button-link elementor-button elementor-size-sm\" role=\"button\">\n\t\t\t\t\t\t<span class=\"elementor-button-content-wrapper\">\n\t\t\t\t\t\t<span class=\"elementor-button-text\">Saiba +<\/span>\n\t\t<\/span>\n\t\t\t\t\t<\/a>\n\t\t<\/div>\n\t\t\t\t<\/div>\n\t\t\t\t<\/div>\n\t\t\t\t\t<\/div>\n\t\t<\/div>\n\t\t\t\t<div class=\"elementor-column elementor-col-25 elementor-top-column elementor-element elementor-element-49b5654\" data-id=\"49b5654\" data-element_type=\"column\">\n\t\t\t<div class=\"elementor-widget-wrap elementor-element-populated\">\n\t\t\t\t\t\t\t\t<div class=\"elementor-element elementor-element-68badc5 elementor-widget elementor-widget-image\" data-id=\"68badc5\" data-element_type=\"widget\" data-widget_type=\"image.default\">\n\t\t\t\t<div class=\"elementor-widget-container\">\n\t\t\t\t\t\t\t\t\t\t\t\t\t\t\t<img width=\"150\" height=\"150\" src=\"https:\/\/arquimedesmg.com.br\/wp-content\/uploads\/2021\/02\/Sem-titulo-1-150x150.png\" class=\"attachment-thumbnail size-thumbnail\" alt=\"\" loading=\"lazy\" srcset=\"https:\/\/arquimedesmg.com.br\/wp-content\/uploads\/2021\/02\/Sem-titulo-1-150x150.png 150w, https:\/\/arquimedesmg.com.br\/wp-content\/uploads\/2021\/02\/Sem-titulo-1.png 188w\" sizes=\"(max-width: 150px) 100vw, 150px\" \/>\t\t\t\t\t\t\t\t\t\t\t\t\t\t\t<\/div>\n\t\t\t\t<\/div>\n\t\t\t\t<div class=\"elementor-element elementor-element-db4cddf elementor-widget elementor-widget-heading\" data-id=\"db4cddf\" data-element_type=\"widget\" data-widget_type=\"heading.default\">\n\t\t\t\t<div class=\"elementor-widget-container\">\n\t\t\t<h2 class=\"elementor-heading-title elementor-size-default\">Meio Ambiente<\/h2>\t\t<\/div>\n\t\t\t\t<\/div>\n\t\t\t\t<div class=\"elementor-element elementor-element-f850669 elementor-widget elementor-widget-text-editor\" data-id=\"f850669\" data-element_type=\"widget\" data-widget_type=\"text-editor.default\">\n\t\t\t\t<div class=\"elementor-widget-container\">\n\t\t\t\t\t\t\t\t<h4 style=\"text-align: center;\"><span style=\"color: #ffffff;\">Saiba o que a Arquimedes\u00a0<br \/>vem fazendo pelo meio <\/span><br \/><span style=\"color: #ffffff;\">ambiente&#8230;\u00a0<\/span><\/h4>\t\t\t\t\t\t<\/div>\n\t\t\t\t<\/div>\n\t\t\t\t<div class=\"elementor-element elementor-element-1107986 elementor-align-center elementor-widget elementor-widget-button\" data-id=\"1107986\" data-element_type=\"widget\" data-widget_type=\"button.default\">\n\t\t\t\t<div class=\"elementor-widget-container\">\n\t\t\t\t\t<div class=\"elementor-button-wrapper\">\n\t\t\t<a href=\"https:\/\/arquimedesmg.com.br\/?page_id=1880#\" class=\"elementor-button-link elementor-button elementor-size-sm\" role=\"button\">\n\t\t\t\t\t\t<span class=\"elementor-button-content-wrapper\">\n\t\t\t\t\t\t<span class=\"elementor-button-text\">Saiba +<\/span>\n\t\t<\/span>\n\t\t\t\t\t<\/a>\n\t\t<\/div>\n\t\t\t\t<\/div>\n\t\t\t\t<\/div>\n\t\t\t\t\t<\/div>\n\t\t<\/div>\n\t\t\t\t<div class=\"elementor-column elementor-col-25 elementor-top-column elementor-element elementor-element-24537f9\" data-id=\"24537f9\" data-element_type=\"column\">\n\t\t\t<div class=\"elementor-widget-wrap elementor-element-populated\">\n\t\t\t\t\t\t\t\t<div class=\"elementor-element elementor-element-c737923 elementor-widget elementor-widget-image\" data-id=\"c737923\" data-element_type=\"widget\" data-widget_type=\"image.default\">\n\t\t\t\t<div class=\"elementor-widget-container\">\n\t\t\t\t\t\t\t\t\t\t\t\t\t\t\t<img width=\"150\" height=\"150\" src=\"https:\/\/arquimedesmg.com.br\/wp-content\/uploads\/2021\/02\/Sem-titulo-df1-150x150.png\" class=\"attachment-thumbnail size-thumbnail\" alt=\"\" loading=\"lazy\" srcset=\"https:\/\/arquimedesmg.com.br\/wp-content\/uploads\/2021\/02\/Sem-titulo-df1-150x150.png 150w, https:\/\/arquimedesmg.com.br\/wp-content\/uploads\/2021\/02\/Sem-titulo-df1.png 188w\" sizes=\"(max-width: 150px) 100vw, 150px\" \/>\t\t\t\t\t\t\t\t\t\t\t\t\t\t\t<\/div>\n\t\t\t\t<\/div>\n\t\t\t\t<div class=\"elementor-element elementor-element-49c2355 elementor-widget elementor-widget-heading\" data-id=\"49c2355\" data-element_type=\"widget\" data-widget_type=\"heading.default\">\n\t\t\t\t<div class=\"elementor-widget-container\">\n\t\t\t<h2 class=\"elementor-heading-title elementor-size-default\">Produtos<\/h2>\t\t<\/div>\n\t\t\t\t<\/div>\n\t\t\t\t<div class=\"elementor-element elementor-element-d4c6acb elementor-widget elementor-widget-text-editor\" data-id=\"d4c6acb\" data-element_type=\"widget\" data-widget_type=\"text-editor.default\">\n\t\t\t\t<div class=\"elementor-widget-container\">\n\t\t\t\t\t\t\t\t<h5 style=\"text-align: center;\"><span style=\"color: #ffffff;\">Conhe\u00e7a nossa linha de\u00a0<br \/>produtos par o Governo e Corporativos&#8230;<\/span><\/h5>\t\t\t\t\t\t<\/div>\n\t\t\t\t<\/div>\n\t\t\t\t<div class=\"elementor-element elementor-element-d42e729 elementor-align-center elementor-widget elementor-widget-button\" data-id=\"d42e729\" data-element_type=\"widget\" data-widget_type=\"button.default\">\n\t\t\t\t<div class=\"elementor-widget-container\">\n\t\t\t\t\t<div class=\"elementor-button-wrapper\">\n\t\t\t<a href=\"#\" class=\"elementor-button-link elementor-button elementor-size-sm\" role=\"button\">\n\t\t\t\t\t\t<span class=\"elementor-button-content-wrapper\">\n\t\t\t\t\t\t<span class=\"elementor-button-text\">Saiba +<\/span>\n\t\t<\/span>\n\t\t\t\t\t<\/a>\n\t\t<\/div>\n\t\t\t\t<\/div>\n\t\t\t\t<\/div>\n\t\t\t\t\t<\/div>\n\t\t<\/div>\n\t\t\t\t<div class=\"elementor-column elementor-col-25 elementor-top-column elementor-element elementor-element-60a987c\" data-id=\"60a987c\" data-element_type=\"column\">\n\t\t\t<div class=\"elementor-widget-wrap elementor-element-populated\">\n\t\t\t\t\t\t\t\t<div class=\"elementor-element elementor-element-213113d elementor-widget elementor-widget-image\" data-id=\"213113d\" data-element_type=\"widget\" data-widget_type=\"image.default\">\n\t\t\t\t<div class=\"elementor-widget-container\">\n\t\t\t\t\t\t\t\t\t\t\t\t\t\t\t<img width=\"150\" height=\"150\" src=\"https:\/\/arquimedesmg.com.br\/wp-content\/uploads\/2025\/04\/online-shopping-1-150x150.png\" class=\"attachment-thumbnail size-thumbnail\" alt=\"\" loading=\"lazy\" srcset=\"https:\/\/arquimedesmg.com.br\/wp-content\/uploads\/2025\/04\/online-shopping-1-150x150.png 150w, https:\/\/arquimedesmg.com.br\/wp-content\/uploads\/2025\/04\/online-shopping-1-300x300.png 300w, https:\/\/arquimedesmg.com.br\/wp-content\/uploads\/2025\/04\/online-shopping-1.png 512w\" sizes=\"(max-width: 150px) 100vw, 150px\" \/>\t\t\t\t\t\t\t\t\t\t\t\t\t\t\t<\/div>\n\t\t\t\t<\/div>\n\t\t\t\t<div class=\"elementor-element elementor-element-b8e8041 elementor-widget elementor-widget-text-editor\" data-id=\"b8e8041\" data-element_type=\"widget\" data-widget_type=\"text-editor.default\">\n\t\t\t\t<div class=\"elementor-widget-container\">\n\t\t\t\t\t\t\t\t<h2 class=\"elementor-heading-title elementor-size-default elementor-inline-editing pen\" style=\"text-align: center;\" contenteditable=\"true\" data-elementor-setting-key=\"title\" data-pen-placeholder=\"Digite aqui...\"><span style=\"color: #ffffff;\">Compras Online\u200b<\/span><\/h2>\t\t\t\t\t\t<\/div>\n\t\t\t\t<\/div>\n\t\t\t\t<div class=\"elementor-element elementor-element-f36fdbd elementor-widget elementor-widget-text-editor\" data-id=\"f36fdbd\" data-element_type=\"widget\" data-widget_type=\"text-editor.default\">\n\t\t\t\t<div class=\"elementor-widget-container\">\n\t\t\t\t\t\t\t\t<h5 style=\"text-align: center;\"><span style=\"color: #ffffff;\">Conhe\u00e7a nossa linha de\u00a0<br \/>produtos e compre online\u00a0<\/span><\/h5>\t\t\t\t\t\t<\/div>\n\t\t\t\t<\/div>\n\t\t\t\t<div class=\"elementor-element elementor-element-de5c59e elementor-align-center elementor-widget elementor-widget-button\" data-id=\"de5c59e\" data-element_type=\"widget\" data-widget_type=\"button.default\">\n\t\t\t\t<div class=\"elementor-widget-container\">\n\t\t\t\t\t<div class=\"elementor-button-wrapper\">\n\t\t\t<a href=\"https:\/\/arquimedesmg.mercadoshops.com.br\/nossos-produtos\" target=\"_blank\" class=\"elementor-button-link elementor-button elementor-size-sm\" role=\"button\">\n\t\t\t\t\t\t<span class=\"elementor-button-content-wrapper\">\n\t\t\t\t\t\t<span class=\"elementor-button-text\">Saiba +<\/span>\n\t\t<\/span>\n\t\t\t\t\t<\/a>\n\t\t<\/div>\n\t\t\t\t<\/div>\n\t\t\t\t<\/div>\n\t\t\t\t\t<\/div>\n\t\t<\/div>\n\t\t\t\t\t\t\t<\/div>\n\t\t<\/section>\n\t\t\t\t\t\t<\/div>\n\t\t\t\t\t<\/div>\n\t\t","protected":false},"excerpt":{"rendered":"<p>Quem Somos A Arquimedes \u00e9 uma ind\u00fastria 100% nacional, fabricante de equipamentos de inform\u00e1tica. Nossa sede fica localizada em Belo Horizonte \/ MG. Possu\u00edmos diversos produtos na \u00e1rea de TI e automa\u00e7\u00e3o comercial, com solu\u00e7\u00f5es que v\u00e3o atender as necessidades dos mercados corporativo p\u00fablico e privado, educacional. Dispomos de setores dedicados a vendas, licita\u00e7\u00f5es e [&hellip;]<\/p>\n","protected":false},"author":1,"featured_media":0,"parent":0,"menu_order":0,"comment_status":"closed","ping_status":"closed","template":"elementor_header_footer","meta":[],"_links":{"self":[{"href":"https:\/\/arquimedesmg.com.br\/index.php?rest_route=\/wp\/v2\/pages\/35"}],"collection":[{"href":"https:\/\/arquimedesmg.com.br\/index.php?rest_route=\/wp\/v2\/pages"}],"about":[{"href":"https:\/\/arquimedesmg.com.br\/index.php?rest_route=\/wp\/v2\/types\/page"}],"author":[{"embeddable":true,"href":"https:\/\/arquimedesmg.com.br\/index.php?rest_route=\/wp\/v2\/users\/1"}],"replies":[{"embeddable":true,"href":"https:\/\/arquimedesmg.com.br\/index.php?rest_route=%2Fwp%2Fv2%2Fcomments&post=35"}],"version-history":[{"count":155,"href":"https:\/\/arquimedesmg.com.br\/index.php?rest_route=\/wp\/v2\/pages\/35\/revisions"}],"predecessor-version":[{"id":3488,"href":"https:\/\/arquimedesmg.com.br\/index.php?rest_route=\/wp\/v2\/pages\/35\/revisions\/3488"}],"wp:attachment":[{"href":"https:\/\/arquimedesmg.com.br\/index.php?rest_route=%2Fwp%2Fv2%2Fmedia&parent=35"}],"curies":[{"name":"wp","href":"https:\/\/api.w.org\/{rel}","templated":true}]}}