{"id":2392,"date":"2021-04-03T22:21:42","date_gmt":"2021-04-04T01:21:42","guid":{"rendered":"https:\/\/arquimedesmg.com.br\/?page_id=2392"},"modified":"2021-04-03T22:24:13","modified_gmt":"2021-04-04T01:24:13","slug":"arquimedes-fortress-gold","status":"publish","type":"page","link":"https:\/\/arquimedesmg.com.br\/?page_id=2392","title":{"rendered":"Arquimedes Fortress Gold"},"content":{"rendered":"\t\t<div data-elementor-type=\"wp-page\" data-elementor-id=\"2392\" class=\"elementor elementor-2392\" data-elementor-settings=\"[]\">\n\t\t\t\t\t\t\t<div class=\"elementor-section-wrap\">\n\t\t\t\t\t\t\t<section class=\"elementor-section elementor-top-section elementor-element elementor-element-6bf3e8a elementor-section-boxed elementor-section-height-default elementor-section-height-default\" data-id=\"6bf3e8a\" data-element_type=\"section\">\n\t\t\t\t\t\t<div class=\"elementor-container elementor-column-gap-default\">\n\t\t\t\t\t<div class=\"elementor-column elementor-col-100 elementor-top-column elementor-element elementor-element-9e82225\" data-id=\"9e82225\" data-element_type=\"column\">\n\t\t\t<div class=\"elementor-widget-wrap elementor-element-populated\">\n\t\t\t\t\t\t\t\t<div class=\"elementor-element elementor-element-8d2120f elementor-widget elementor-widget-heading\" data-id=\"8d2120f\" data-element_type=\"widget\" data-widget_type=\"heading.default\">\n\t\t\t\t<div class=\"elementor-widget-container\">\n\t\t\t<h2 class=\"elementor-heading-title elementor-size-default\">Arquimedes Fortress Gold<\/h2>\t\t<\/div>\n\t\t\t\t<\/div>\n\t\t\t\t\t<\/div>\n\t\t<\/div>\n\t\t\t\t\t\t\t<\/div>\n\t\t<\/section>\n\t\t\t\t<section class=\"elementor-section elementor-top-section elementor-element elementor-element-9947f36 elementor-section-boxed elementor-section-height-default elementor-section-height-default\" data-id=\"9947f36\" data-element_type=\"section\">\n\t\t\t\t\t\t<div class=\"elementor-container elementor-column-gap-default\">\n\t\t\t\t\t<div class=\"elementor-column elementor-col-100 elementor-top-column elementor-element elementor-element-9dd4dd4\" data-id=\"9dd4dd4\" data-element_type=\"column\">\n\t\t\t<div class=\"elementor-widget-wrap elementor-element-populated\">\n\t\t\t\t\t\t\t\t<div class=\"elementor-element elementor-element-d0cd53a elementor-widget elementor-widget-spacer\" data-id=\"d0cd53a\" data-element_type=\"widget\" data-widget_type=\"spacer.default\">\n\t\t\t\t<div class=\"elementor-widget-container\">\n\t\t\t\t\t<div class=\"elementor-spacer\">\n\t\t\t<div class=\"elementor-spacer-inner\"><\/div>\n\t\t<\/div>\n\t\t\t\t<\/div>\n\t\t\t\t<\/div>\n\t\t\t\t\t<\/div>\n\t\t<\/div>\n\t\t\t\t\t\t\t<\/div>\n\t\t<\/section>\n\t\t\t\t<section class=\"elementor-section elementor-top-section elementor-element elementor-element-7fa9e8a elementor-section-boxed elementor-section-height-default elementor-section-height-default\" data-id=\"7fa9e8a\" data-element_type=\"section\">\n\t\t\t\t\t\t<div class=\"elementor-container elementor-column-gap-default\">\n\t\t\t\t\t<div class=\"elementor-column elementor-col-100 elementor-top-column elementor-element elementor-element-a2afa72\" data-id=\"a2afa72\" data-element_type=\"column\">\n\t\t\t<div class=\"elementor-widget-wrap elementor-element-populated\">\n\t\t\t\t\t\t\t\t<div class=\"elementor-element elementor-element-b7970ed elementor-widget elementor-widget-text-editor\" data-id=\"b7970ed\" data-element_type=\"widget\" data-widget_type=\"text-editor.default\">\n\t\t\t\t<div class=\"elementor-widget-container\">\n\t\t\t\t\t\t\t\t<p><strong>Processador:<\/strong>\u00a0Dual-Core de 2,2GHz Dois Nucleos 800MHz- Cache: L1: 32KB + 32KB L2: 1MB Suporta as tecnologias EIST, EDB, EM64T, Enhanced Halt State (C1E) e Thermal Monitor 2 Tecnologias ativadas: PROCHOT, THERMTRIP, PECI, Tdiode e Extended Stop Grant State (C2E)\u00a0<br \/>Gabinete: Gabinete\u00a0 ATX-P4 (preto), 430 x 182 x 425 -= 4&#215;5.25&#8243;ext, 1&#215;3,5&#8243; ex.,5&#215;3,5&#8243;int. Chapa 5 mm, 7 slot expansao. Ventilador gabinete 8\/8<br \/><strong>Palca M\u00e3e:<\/strong>\u00a0Suporta processadores com FSB 800 \/ 1.066 \/ 1.333MHz<br \/>Suporta processadores Intel Core 2 Duo \/ Quad \/ Extreme, Pentium 4 \/ D \/ EE \/ Dual-Core e CeleronChipset: Northbridge: Intel G31 Southbridge: Intel ICH7V\u00eddeo: Sa\u00eddas: VGA RAMDAC: 350MHz<strong><br \/>Modelo:<\/strong>\u00a0Intel GMA 3100 Resolu\u00e7\u00e3o (m\u00e1x.): 2.048 x 1.536 @ 75Hz<br \/><strong>Chipset:<\/strong>\u00a0Provido pelo northbridge (Intel G31) Tecnologias: DirectX 9.0c, Shader 2.0 e OpenGL1.4<br \/><strong>Mem\u00f3ria:<\/strong>\u00a0Suporta Dual Channel DDR2 Suporta at\u00e9 4GB de mem\u00f3ria 4 slots DDR2 SDRAM (240 pinos) Suporta mem\u00f3rias DDR2 667 \/ 800MHz Slots de Expans\u00e3o: 2 x PCI 1 x PCI Express 1x 1 x PCI Express 16x\u00a0 Armazenamento:\u00a0 4 canais SATA 3Gb\/s providos pelo southbridge (Intel ICH7) 1 canal PATA 100 provido pelo southbridge (Intel ICH7) suporta at\u00e9 2 perif\u00e9ricos ATAPI \/ PATA \u00c1udio: Canais: 6 (5.1)\u00a0<strong>Conex\u00f5es:<\/strong>\u00a0Nenhuma Codec: Realtek ALC662 (alta defini\u00e7\u00e3o) Rede: Portas: Uma porta RJ-45 Chipset: Realtek RTL8111C Velocidade: Gigabit (10\/100\/1000Mb\/s) USB: Padr\u00e3o: USB 2.0 Chipset: Nativo do southbridge (Intel ICH7) Portas: 8 portas (sendo 4 portas no painel traseiro<br \/><strong>Mem\u00f3ria:<\/strong>\u00a0Mem\u00f3ria DDR2 de 1024Mb PC5300 667MHz<br \/><strong>HD:<\/strong>\u00a0HD Samsung 250GB Velocidade de rota\u00e7\u00e3o 7.200rpm SATAll 3GB\/s<br \/>Placa de rede Wireless: Wireless PCI de alto desempenho, operando em uma largura de banda de 54Mbps com um desempenho cinco vezes maior que um produto wireless tradicional de 11 Mbps.\u00a0 opera com base nos padr\u00f5es 802.11b e 802.11g<br \/><strong>Teclado:<\/strong>\u00a0Teclado ABNT2 104 Teclas Arquimedes<br \/><strong>Mouse:<\/strong>\u00a0Mouse 3 Bot\u00f5es PS\/2 Optico Arquimedes<br \/>Monitor LCD 17&#8243;:Tamanho da Tela 17 Polegadas\u00a0 Tipo de Tela LCD Resolu\u00e7\u00e3o M\u00e1xima 1280 x 1024 Pixel Taxa de Atualiza\u00e7\u00e3o na Resolu\u00e7\u00e3o M\u00e1xima 75 Hz Dot Pitch 0.26 mm N\u00famero de Cores 16,2 milh\u00f5es Brilho 270 cd\/m\u00b2\u00a0 Contraste 450:1\u00a0 Tempo de Resposta 8 ms.<br \/><strong>DVD-RW:<\/strong>\u00a0DVD-RW Samsung Preto SATA DVD-RAM, DVD+R, DVD+R DL, DVD+RW, DVD-R, DVD-R DL, DVD-RW, DVD-ROM, DVD-Video, CD-R, CD-RW, CD-ROM\/XA, CD-ROM, CD-Audio, Video-CD, CD-I (FMV), Photo CD, CD-Extra,CD-TEXT<br \/>Embalagem micro Personalizada e mouse Ped.<br \/><strong>Marca registrada no INPI<\/strong><\/p>\t\t\t\t\t\t<\/div>\n\t\t\t\t<\/div>\n\t\t\t\t\t<\/div>\n\t\t<\/div>\n\t\t\t\t\t\t\t<\/div>\n\t\t<\/section>\n\t\t\t\t<section class=\"elementor-section elementor-top-section elementor-element elementor-element-a8b2bb7 elementor-section-boxed elementor-section-height-default elementor-section-height-default\" data-id=\"a8b2bb7\" data-element_type=\"section\">\n\t\t\t\t\t\t<div class=\"elementor-container elementor-column-gap-default\">\n\t\t\t\t\t<div class=\"elementor-column elementor-col-100 elementor-top-column elementor-element elementor-element-9db05f0\" data-id=\"9db05f0\" data-element_type=\"column\">\n\t\t\t<div class=\"elementor-widget-wrap elementor-element-populated\">\n\t\t\t\t\t\t\t\t<div class=\"elementor-element elementor-element-38b2be1 elementor-widget elementor-widget-spacer\" data-id=\"38b2be1\" data-element_type=\"widget\" data-widget_type=\"spacer.default\">\n\t\t\t\t<div class=\"elementor-widget-container\">\n\t\t\t\t\t<div class=\"elementor-spacer\">\n\t\t\t<div class=\"elementor-spacer-inner\"><\/div>\n\t\t<\/div>\n\t\t\t\t<\/div>\n\t\t\t\t<\/div>\n\t\t\t\t\t<\/div>\n\t\t<\/div>\n\t\t\t\t\t\t\t<\/div>\n\t\t<\/section>\n\t\t\t\t\t\t<\/div>\n\t\t\t\t\t<\/div>\n\t\t","protected":false},"excerpt":{"rendered":"<p>Arquimedes Fortress Gold Processador:\u00a0Dual-Core de 2,2GHz Dois Nucleos 800MHz- Cache: L1: 32KB + 32KB L2: 1MB Suporta as tecnologias EIST, EDB, EM64T, Enhanced Halt State (C1E) e Thermal Monitor 2 Tecnologias ativadas: PROCHOT, THERMTRIP, PECI, Tdiode e Extended Stop Grant State (C2E)\u00a0Gabinete: Gabinete\u00a0 ATX-P4 (preto), 430 x 182 x 425 -= 4&#215;5.25&#8243;ext, 1&#215;3,5&#8243; ex.,5&#215;3,5&#8243;int. Chapa [&hellip;]<\/p>\n","protected":false},"author":1,"featured_media":0,"parent":0,"menu_order":0,"comment_status":"closed","ping_status":"closed","template":"elementor_header_footer","meta":[],"_links":{"self":[{"href":"https:\/\/arquimedesmg.com.br\/index.php?rest_route=\/wp\/v2\/pages\/2392"}],"collection":[{"href":"https:\/\/arquimedesmg.com.br\/index.php?rest_route=\/wp\/v2\/pages"}],"about":[{"href":"https:\/\/arquimedesmg.com.br\/index.php?rest_route=\/wp\/v2\/types\/page"}],"author":[{"embeddable":true,"href":"https:\/\/arquimedesmg.com.br\/index.php?rest_route=\/wp\/v2\/users\/1"}],"replies":[{"embeddable":true,"href":"https:\/\/arquimedesmg.com.br\/index.php?rest_route=%2Fwp%2Fv2%2Fcomments&post=2392"}],"version-history":[{"count":13,"href":"https:\/\/arquimedesmg.com.br\/index.php?rest_route=\/wp\/v2\/pages\/2392\/revisions"}],"predecessor-version":[{"id":2405,"href":"https:\/\/arquimedesmg.com.br\/index.php?rest_route=\/wp\/v2\/pages\/2392\/revisions\/2405"}],"wp:attachment":[{"href":"https:\/\/arquimedesmg.com.br\/index.php?rest_route=%2Fwp%2Fv2%2Fmedia&parent=2392"}],"curies":[{"name":"wp","href":"https:\/\/api.w.org\/{rel}","templated":true}]}}