{"id":2111,"date":"2021-03-28T21:03:19","date_gmt":"2021-03-29T00:03:19","guid":{"rendered":"https:\/\/arquimedesmg.com.br\/?page_id=2111"},"modified":"2024-04-02T11:48:40","modified_gmt":"2024-04-02T14:48:40","slug":"politica-do-sistema-de-gestao-da-qualidade","status":"publish","type":"page","link":"https:\/\/arquimedesmg.com.br\/?page_id=2111","title":{"rendered":"Institucional"},"content":{"rendered":"\t\t<div data-elementor-type=\"wp-page\" data-elementor-id=\"2111\" class=\"elementor elementor-2111\" data-elementor-settings=\"[]\">\n\t\t\t\t\t\t\t<div class=\"elementor-section-wrap\">\n\t\t\t\t\t\t\t<section class=\"elementor-section elementor-top-section elementor-element elementor-element-f25bb5e elementor-section-full_width elementor-section-height-default elementor-section-height-default\" data-id=\"f25bb5e\" data-element_type=\"section\">\n\t\t\t\t\t\t<div class=\"elementor-container elementor-column-gap-custom\">\n\t\t\t\t\t<div class=\"elementor-column elementor-col-100 elementor-top-column elementor-element elementor-element-d58ca2c\" data-id=\"d58ca2c\" data-element_type=\"column\">\n\t\t\t<div class=\"elementor-widget-wrap elementor-element-populated\">\n\t\t\t\t\t\t\t\t<div class=\"elementor-element elementor-element-a67c8f0 elementor-widget elementor-widget-image\" data-id=\"a67c8f0\" data-element_type=\"widget\" data-widget_type=\"image.default\">\n\t\t\t\t<div class=\"elementor-widget-container\">\n\t\t\t\t\t\t\t\t\t\t\t\t\t\t\t<img src=\"https:\/\/arquimedesmg.com.br\/wp-content\/uploads\/2021\/03\/Sem-titulo-1_Prancheta-1-1.png\" title=\"Sem t\u00edtulo-1_Prancheta 1\" alt=\"Sem t\u00edtulo-1_Prancheta 1\" \/>\t\t\t\t\t\t\t\t\t\t\t\t\t\t\t<\/div>\n\t\t\t\t<\/div>\n\t\t\t\t\t<\/div>\n\t\t<\/div>\n\t\t\t\t\t\t\t<\/div>\n\t\t<\/section>\n\t\t\t\t<section class=\"elementor-section elementor-top-section elementor-element elementor-element-3bbbb49 elementor-section-boxed elementor-section-height-default elementor-section-height-default\" data-id=\"3bbbb49\" data-element_type=\"section\">\n\t\t\t\t\t\t<div class=\"elementor-container elementor-column-gap-default\">\n\t\t\t\t\t<div class=\"elementor-column elementor-col-100 elementor-top-column elementor-element elementor-element-d612adc\" data-id=\"d612adc\" data-element_type=\"column\">\n\t\t\t<div class=\"elementor-widget-wrap elementor-element-populated\">\n\t\t\t\t\t\t\t\t<div class=\"elementor-element elementor-element-b363a8b elementor-widget elementor-widget-spacer\" data-id=\"b363a8b\" data-element_type=\"widget\" data-widget_type=\"spacer.default\">\n\t\t\t\t<div class=\"elementor-widget-container\">\n\t\t\t\t\t<div class=\"elementor-spacer\">\n\t\t\t<div class=\"elementor-spacer-inner\"><\/div>\n\t\t<\/div>\n\t\t\t\t<\/div>\n\t\t\t\t<\/div>\n\t\t\t\t\t<\/div>\n\t\t<\/div>\n\t\t\t\t\t\t\t<\/div>\n\t\t<\/section>\n\t\t\t\t<section class=\"elementor-section elementor-top-section elementor-element elementor-element-1e3d65a elementor-section-boxed elementor-section-height-default elementor-section-height-default\" data-id=\"1e3d65a\" data-element_type=\"section\">\n\t\t\t\t\t\t<div class=\"elementor-container elementor-column-gap-default\">\n\t\t\t\t\t<div class=\"elementor-column elementor-col-33 elementor-top-column elementor-element elementor-element-f6c5878\" data-id=\"f6c5878\" data-element_type=\"column\">\n\t\t\t<div class=\"elementor-widget-wrap elementor-element-populated\">\n\t\t\t\t\t\t\t\t<div class=\"elementor-element elementor-element-fb08a96 elementor-widget elementor-widget-heading\" data-id=\"fb08a96\" data-element_type=\"widget\" data-widget_type=\"heading.default\">\n\t\t\t\t<div class=\"elementor-widget-container\">\n\t\t\t<h2 class=\"elementor-heading-title elementor-size-default\">Institucional<\/h2>\t\t<\/div>\n\t\t\t\t<\/div>\n\t\t\t\t\t<\/div>\n\t\t<\/div>\n\t\t\t\t<div class=\"elementor-column elementor-col-33 elementor-top-column elementor-element elementor-element-3cafb3a\" data-id=\"3cafb3a\" data-element_type=\"column\">\n\t\t\t<div class=\"elementor-widget-wrap\">\n\t\t\t\t\t\t\t\t\t<\/div>\n\t\t<\/div>\n\t\t\t\t<div class=\"elementor-column elementor-col-33 elementor-top-column elementor-element elementor-element-76b5db7\" data-id=\"76b5db7\" data-element_type=\"column\">\n\t\t\t<div class=\"elementor-widget-wrap\">\n\t\t\t\t\t\t\t\t\t<\/div>\n\t\t<\/div>\n\t\t\t\t\t\t\t<\/div>\n\t\t<\/section>\n\t\t\t\t<section class=\"elementor-section elementor-top-section elementor-element elementor-element-1fd0d15 elementor-section-boxed elementor-section-height-default elementor-section-height-default\" data-id=\"1fd0d15\" data-element_type=\"section\">\n\t\t\t\t\t\t<div class=\"elementor-container elementor-column-gap-default\">\n\t\t\t\t\t<div class=\"elementor-column elementor-col-100 elementor-top-column elementor-element elementor-element-1824640\" data-id=\"1824640\" data-element_type=\"column\">\n\t\t\t<div class=\"elementor-widget-wrap elementor-element-populated\">\n\t\t\t\t\t\t\t\t<div class=\"elementor-element elementor-element-39e30a7 elementor-widget elementor-widget-spacer\" data-id=\"39e30a7\" data-element_type=\"widget\" data-widget_type=\"spacer.default\">\n\t\t\t\t<div class=\"elementor-widget-container\">\n\t\t\t\t\t<div class=\"elementor-spacer\">\n\t\t\t<div class=\"elementor-spacer-inner\"><\/div>\n\t\t<\/div>\n\t\t\t\t<\/div>\n\t\t\t\t<\/div>\n\t\t\t\t\t<\/div>\n\t\t<\/div>\n\t\t\t\t\t\t\t<\/div>\n\t\t<\/section>\n\t\t\t\t<section class=\"elementor-section elementor-top-section elementor-element elementor-element-bd966f4 elementor-section-full_width elementor-section-height-default elementor-section-height-default\" data-id=\"bd966f4\" data-element_type=\"section\">\n\t\t\t\t\t\t<div class=\"elementor-container elementor-column-gap-default\">\n\t\t\t\t\t<div class=\"elementor-column elementor-col-33 elementor-top-column elementor-element elementor-element-4608e77\" data-id=\"4608e77\" data-element_type=\"column\">\n\t\t\t<div class=\"elementor-widget-wrap\">\n\t\t\t\t\t\t\t\t\t<\/div>\n\t\t<\/div>\n\t\t\t\t<div class=\"elementor-column elementor-col-33 elementor-top-column elementor-element elementor-element-993556c\" data-id=\"993556c\" data-element_type=\"column\">\n\t\t\t<div class=\"elementor-widget-wrap elementor-element-populated\">\n\t\t\t\t\t\t\t\t<div class=\"elementor-element elementor-element-8faf404 elementor-widget elementor-widget-text-editor\" data-id=\"8faf404\" data-element_type=\"widget\" data-widget_type=\"text-editor.default\">\n\t\t\t\t<div class=\"elementor-widget-container\">\n\t\t\t\t\t\t\t\t<h4><span style=\"color: #000000;\">Sediada em Belo Horizonte\/MG, a Arquimedes \u00e9 uma empresa 100% brasileira, com atua\u00e7\u00e3o em todo Brasil, que, desde 2002, fabrica e comercializa equipamentos para inform\u00e1tica e automa\u00e7\u00e3o comercial. Constitu\u00edda por profissionais extremamente capacitados das \u00e1reas de Tecnologia da Informa\u00e7\u00e3o, a empresa oferece solu\u00e7\u00f5es completas ao mercado corporativo, atendendo a clientes de todos os portes.<\/span><\/h4>\nA Arquimedes Automa\u00e7\u00e3o e Inform\u00e1tica Ltda apresenta ao mercado solu\u00e7\u00f5es voltadas \u00e0 Tecnologia da Informa\u00e7\u00e3o, atuando em \u00e1reas como educa\u00e7\u00e3o, comunica\u00e7\u00e3o, governamental, empresas privadas, etc. Faz parte do dia-a-dia da nossa organiza\u00e7\u00e3o buscar a melhor solu\u00e7\u00e3o para o cliente, ofertando-lhe servi\u00e7os de qualidade. Com a assist\u00eancia do <a href=\"https:\/\/bachelorarbeit-schreiben-lassen.com\/hausarbeit-schreiben-lassen\/\"style=\"color:inherit\"style=\"text-decoration: none;\">ghostwriter hausarbeiten<\/a>, estamos empenhados em oferecer suporte abrangente na elabora\u00e7\u00e3o de cursos e trabalhos acad\u00eamicos, garantindo assim resultados excepcionais para nossos clientes. Este servi\u00e7o representa nosso grande diferencial e compromisso com a excel\u00eancia acad\u00eamica e profissional.\n<h4><span style=\"color: #000000;\"><span style=\"font-family: var( --e-global-typography-text-font-family ), Sans-serif; letter-spacing: 0px;\">\nCom um controle rigoroso de inspe\u00e7\u00e3o e recep\u00e7\u00e3o de mercadorias, todo material utilizado pela Arquimedes \u00e9 completamente rastreado. Dispomos de setores dedicados \u00e0 fabrica\u00e7\u00e3o de equipamentos, com \u00e1reas bem definidas para preparo, integra\u00e7\u00e3o, POST, hipot e expedi\u00e7\u00e3o. Na \u00e1rea de produ\u00e7\u00e3o, com o aux\u00edlio de um software pr\u00f3prio, a rastreabilidade dos nossos produtos chega a um n\u00edvel de excel\u00eancia em detalhamento, permitindo identificar o funcion\u00e1rio em seu setor e qual pe\u00e7a est\u00e1 sendo manuseada no momento.\n<\/span><span style=\"font-family: var( --e-global-typography-text-font-family ), Sans-serif; letter-spacing: 0px;\">\nAl\u00e9m da fabrica\u00e7\u00e3o, contamos com uma equipe de profissionais dedicados \u00e0 manuten\u00e7\u00e3o e assist\u00eancia t\u00e9cnica. Hoje, a Arquimedes \u00e9 autorizada assist\u00eancia t\u00e9cnica de grandes marcas, como Ory, Braview, Ez-go, K-mex, OKI, dentre outras.\n<\/span><span style=\"font-family: var( --e-global-typography-text-font-family ), Sans-serif; letter-spacing: 0px;\">\nPossu\u00edmos, ainda, uma rede de assist\u00eancia t\u00e9cnica para os produtos em todo o pa\u00eds. Para melhor atender os clientes, nossos profissionais est\u00e3o divididos por segmento: atendimento ao corporativo privado, governo, desenvolvimento de sistemas, educacional, manuten\u00e7\u00e3o e suporte.\n<\/span><span style=\"font-family: var( --e-global-typography-text-font-family ), Sans-serif; letter-spacing: 0px;\">\nNa Arquimedes, estamos em um cont\u00ednuo processo de inova\u00e7\u00f5es, sempre focando a efic\u00e1cia e atentos ao nosso lema: fazer certo da primeira vez<\/span><\/span><\/h4>\t\t\t\t\t\t<\/div>\n\t\t\t\t<\/div>\n\t\t\t\t\t<\/div>\n\t\t<\/div>\n\t\t\t\t<div class=\"elementor-column elementor-col-33 elementor-top-column elementor-element elementor-element-32a645d\" data-id=\"32a645d\" data-element_type=\"column\">\n\t\t\t<div class=\"elementor-widget-wrap\">\n\t\t\t\t\t\t\t\t\t<\/div>\n\t\t<\/div>\n\t\t\t\t\t\t\t<\/div>\n\t\t<\/section>\n\t\t\t\t<section class=\"elementor-section elementor-top-section elementor-element elementor-element-73e9c18 elementor-section-boxed elementor-section-height-default elementor-section-height-default\" data-id=\"73e9c18\" data-element_type=\"section\">\n\t\t\t\t\t\t<div class=\"elementor-container elementor-column-gap-default\">\n\t\t\t\t\t<div class=\"elementor-column elementor-col-100 elementor-top-column elementor-element elementor-element-14d7e4d\" data-id=\"14d7e4d\" data-element_type=\"column\">\n\t\t\t<div class=\"elementor-widget-wrap elementor-element-populated\">\n\t\t\t\t\t\t\t\t<div class=\"elementor-element elementor-element-f449f32 elementor-widget elementor-widget-spacer\" data-id=\"f449f32\" data-element_type=\"widget\" data-widget_type=\"spacer.default\">\n\t\t\t\t<div class=\"elementor-widget-container\">\n\t\t\t\t\t<div class=\"elementor-spacer\">\n\t\t\t<div class=\"elementor-spacer-inner\"><\/div>\n\t\t<\/div>\n\t\t\t\t<\/div>\n\t\t\t\t<\/div>\n\t\t\t\t\t<\/div>\n\t\t<\/div>\n\t\t\t\t\t\t\t<\/div>\n\t\t<\/section>\n\t\t\t\t<section class=\"elementor-section elementor-top-section elementor-element elementor-element-350949f elementor-section-boxed elementor-section-height-default elementor-section-height-default\" data-id=\"350949f\" data-element_type=\"section\">\n\t\t\t\t\t\t<div class=\"elementor-container elementor-column-gap-default\">\n\t\t\t\t\t<div class=\"elementor-column elementor-col-33 elementor-top-column elementor-element elementor-element-de92e55\" data-id=\"de92e55\" data-element_type=\"column\">\n\t\t\t<div class=\"elementor-widget-wrap elementor-element-populated\">\n\t\t\t\t\t\t\t\t<div class=\"elementor-element elementor-element-df53d30 elementor-widget elementor-widget-heading\" data-id=\"df53d30\" data-element_type=\"widget\" data-widget_type=\"heading.default\">\n\t\t\t\t<div class=\"elementor-widget-container\">\n\t\t\t<h2 class=\"elementor-heading-title elementor-size-default\">MISS\u00c3O<\/h2>\t\t<\/div>\n\t\t\t\t<\/div>\n\t\t\t\t<div class=\"elementor-element elementor-element-99145bc elementor-widget-divider--view-line elementor-widget elementor-widget-divider\" data-id=\"99145bc\" data-element_type=\"widget\" data-widget_type=\"divider.default\">\n\t\t\t\t<div class=\"elementor-widget-container\">\n\t\t\t\t\t<div class=\"elementor-divider\">\n\t\t\t<span class=\"elementor-divider-separator\">\n\t\t\t\t\t\t<\/span>\n\t\t<\/div>\n\t\t\t\t<\/div>\n\t\t\t\t<\/div>\n\t\t\t\t<div class=\"elementor-element elementor-element-a7a7c93 elementor-widget elementor-widget-text-editor\" data-id=\"a7a7c93\" data-element_type=\"widget\" data-widget_type=\"text-editor.default\">\n\t\t\t\t<div class=\"elementor-widget-container\">\n\t\t\t\t\t\t\t\t<h5 style=\"text-align: center;\"><span style=\"color: #000000;\"><strong>Prestar Servi\u00e7o de Inform\u00e1tica com Qualidade e Excel\u00eancia<\/strong><\/span><\/h5>\t\t\t\t\t\t<\/div>\n\t\t\t\t<\/div>\n\t\t\t\t\t<\/div>\n\t\t<\/div>\n\t\t\t\t<div class=\"elementor-column elementor-col-33 elementor-top-column elementor-element elementor-element-d74c126\" data-id=\"d74c126\" data-element_type=\"column\">\n\t\t\t<div class=\"elementor-widget-wrap elementor-element-populated\">\n\t\t\t\t\t\t\t\t<div class=\"elementor-element elementor-element-8a096db elementor-widget elementor-widget-heading\" data-id=\"8a096db\" data-element_type=\"widget\" data-widget_type=\"heading.default\">\n\t\t\t\t<div class=\"elementor-widget-container\">\n\t\t\t<h2 class=\"elementor-heading-title elementor-size-default\">VALORES<\/h2>\t\t<\/div>\n\t\t\t\t<\/div>\n\t\t\t\t<div class=\"elementor-element elementor-element-4b16cf7 elementor-widget-divider--view-line elementor-widget elementor-widget-divider\" data-id=\"4b16cf7\" data-element_type=\"widget\" data-widget_type=\"divider.default\">\n\t\t\t\t<div class=\"elementor-widget-container\">\n\t\t\t\t\t<div class=\"elementor-divider\">\n\t\t\t<span class=\"elementor-divider-separator\">\n\t\t\t\t\t\t<\/span>\n\t\t<\/div>\n\t\t\t\t<\/div>\n\t\t\t\t<\/div>\n\t\t\t\t<div class=\"elementor-element elementor-element-f4c0355 elementor-widget elementor-widget-text-editor\" data-id=\"f4c0355\" data-element_type=\"widget\" data-widget_type=\"text-editor.default\">\n\t\t\t\t<div class=\"elementor-widget-container\">\n\t\t\t\t\t\t\t\t<h5 style=\"text-align: center;\"><span style=\"color: #000000;\"><span style=\"color: #000000;\">Organiza\u00e7\u00e3o Compet\u00eancia Compromisso com Resultados Dinamismo<\/span><\/span><\/h5>\t\t\t\t\t\t<\/div>\n\t\t\t\t<\/div>\n\t\t\t\t\t<\/div>\n\t\t<\/div>\n\t\t\t\t<div class=\"elementor-column elementor-col-33 elementor-top-column elementor-element elementor-element-f3ecb2b\" data-id=\"f3ecb2b\" data-element_type=\"column\">\n\t\t\t<div class=\"elementor-widget-wrap elementor-element-populated\">\n\t\t\t\t\t\t\t\t<div class=\"elementor-element elementor-element-c18160d elementor-widget elementor-widget-heading\" data-id=\"c18160d\" data-element_type=\"widget\" data-widget_type=\"heading.default\">\n\t\t\t\t<div class=\"elementor-widget-container\">\n\t\t\t<h2 class=\"elementor-heading-title elementor-size-default\">POLITICAS<\/h2>\t\t<\/div>\n\t\t\t\t<\/div>\n\t\t\t\t<div class=\"elementor-element elementor-element-5f9d32d elementor-widget-divider--view-line elementor-widget elementor-widget-divider\" data-id=\"5f9d32d\" data-element_type=\"widget\" data-widget_type=\"divider.default\">\n\t\t\t\t<div class=\"elementor-widget-container\">\n\t\t\t\t\t<div class=\"elementor-divider\">\n\t\t\t<span class=\"elementor-divider-separator\">\n\t\t\t\t\t\t<\/span>\n\t\t<\/div>\n\t\t\t\t<\/div>\n\t\t\t\t<\/div>\n\t\t\t\t<div class=\"elementor-element elementor-element-6e15aeb elementor-align-center elementor-widget elementor-widget-button\" data-id=\"6e15aeb\" data-element_type=\"widget\" data-widget_type=\"button.default\">\n\t\t\t\t<div class=\"elementor-widget-container\">\n\t\t\t\t\t<div class=\"elementor-button-wrapper\">\n\t\t\t<a href=\"https:\/\/arquimedesmg.com.br\/?page_id=2116\" class=\"elementor-button-link elementor-button elementor-size-sm\" role=\"button\">\n\t\t\t\t\t\t<span class=\"elementor-button-content-wrapper\">\n\t\t\t\t\t\t<span class=\"elementor-button-text\">Sistema de Gest\u00e3o de Qualidade <br>SGQ<\/span>\n\t\t<\/span>\n\t\t\t\t\t<\/a>\n\t\t<\/div>\n\t\t\t\t<\/div>\n\t\t\t\t<\/div>\n\t\t\t\t<div class=\"elementor-element elementor-element-faee457 elementor-align-center elementor-widget elementor-widget-button\" data-id=\"faee457\" data-element_type=\"widget\" data-widget_type=\"button.default\">\n\t\t\t\t<div class=\"elementor-widget-container\">\n\t\t\t\t\t<div class=\"elementor-button-wrapper\">\n\t\t\t<a href=\"https:\/\/arquimedesmg.com.br\/?page_id=2134\" class=\"elementor-button-link elementor-button elementor-size-sm\" role=\"button\">\n\t\t\t\t\t\t<span class=\"elementor-button-content-wrapper\">\n\t\t\t\t\t\t<span class=\"elementor-button-text\">Sistema de Gest\u00e3o Ambiental <br>SGA<\/span>\n\t\t<\/span>\n\t\t\t\t\t<\/a>\n\t\t<\/div>\n\t\t\t\t<\/div>\n\t\t\t\t<\/div>\n\t\t\t\t\t<\/div>\n\t\t<\/div>\n\t\t\t\t\t\t\t<\/div>\n\t\t<\/section>\n\t\t\t\t<section class=\"elementor-section elementor-top-section elementor-element elementor-element-883a506 elementor-section-boxed elementor-section-height-default elementor-section-height-default\" data-id=\"883a506\" data-element_type=\"section\">\n\t\t\t\t\t\t<div class=\"elementor-container elementor-column-gap-default\">\n\t\t\t\t\t<div class=\"elementor-column elementor-col-100 elementor-top-column elementor-element elementor-element-59c861b\" data-id=\"59c861b\" data-element_type=\"column\">\n\t\t\t<div class=\"elementor-widget-wrap elementor-element-populated\">\n\t\t\t\t\t\t\t\t<div class=\"elementor-element elementor-element-6ae9e57 elementor-widget elementor-widget-spacer\" data-id=\"6ae9e57\" data-element_type=\"widget\" data-widget_type=\"spacer.default\">\n\t\t\t\t<div class=\"elementor-widget-container\">\n\t\t\t\t\t<div class=\"elementor-spacer\">\n\t\t\t<div class=\"elementor-spacer-inner\"><\/div>\n\t\t<\/div>\n\t\t\t\t<\/div>\n\t\t\t\t<\/div>\n\t\t\t\t\t<\/div>\n\t\t<\/div>\n\t\t\t\t\t\t\t<\/div>\n\t\t<\/section>\n\t\t\t\t\t\t<\/div>\n\t\t\t\t\t<\/div>\n\t\t","protected":false},"excerpt":{"rendered":"<p>Institucional Sediada em Belo Horizonte\/MG, a Arquimedes \u00e9 uma empresa 100% brasileira, com atua\u00e7\u00e3o em todo Brasil, que, desde 2002, fabrica e comercializa equipamentos para inform\u00e1tica e automa\u00e7\u00e3o comercial. Constitu\u00edda por profissionais extremamente capacitados das \u00e1reas de Tecnologia da Informa\u00e7\u00e3o, a empresa oferece solu\u00e7\u00f5es completas ao mercado corporativo, atendendo a clientes de todos os portes. [&hellip;]<\/p>\n","protected":false},"author":1,"featured_media":0,"parent":0,"menu_order":0,"comment_status":"closed","ping_status":"closed","template":"","meta":[],"_links":{"self":[{"href":"https:\/\/arquimedesmg.com.br\/index.php?rest_route=\/wp\/v2\/pages\/2111"}],"collection":[{"href":"https:\/\/arquimedesmg.com.br\/index.php?rest_route=\/wp\/v2\/pages"}],"about":[{"href":"https:\/\/arquimedesmg.com.br\/index.php?rest_route=\/wp\/v2\/types\/page"}],"author":[{"embeddable":true,"href":"https:\/\/arquimedesmg.com.br\/index.php?rest_route=\/wp\/v2\/users\/1"}],"replies":[{"embeddable":true,"href":"https:\/\/arquimedesmg.com.br\/index.php?rest_route=%2Fwp%2Fv2%2Fcomments&post=2111"}],"version-history":[{"count":15,"href":"https:\/\/arquimedesmg.com.br\/index.php?rest_route=\/wp\/v2\/pages\/2111\/revisions"}],"predecessor-version":[{"id":3362,"href":"https:\/\/arquimedesmg.com.br\/index.php?rest_route=\/wp\/v2\/pages\/2111\/revisions\/3362"}],"wp:attachment":[{"href":"https:\/\/arquimedesmg.com.br\/index.php?rest_route=%2Fwp%2Fv2%2Fmedia&parent=2111"}],"curies":[{"name":"wp","href":"https:\/\/api.w.org\/{rel}","templated":true}]}}