{"id":1995,"date":"2021-03-28T19:42:06","date_gmt":"2021-03-28T22:42:06","guid":{"rendered":"https:\/\/arquimedesmg.com.br\/?page_id=1995"},"modified":"2021-03-28T20:09:07","modified_gmt":"2021-03-28T23:09:07","slug":"retorno-produtos","status":"publish","type":"page","link":"https:\/\/arquimedesmg.com.br\/?page_id=1995","title":{"rendered":"Retorno Produtos"},"content":{"rendered":"\t\t<div data-elementor-type=\"wp-page\" data-elementor-id=\"1995\" class=\"elementor elementor-1995\" data-elementor-settings=\"[]\">\n\t\t\t\t\t\t\t<div class=\"elementor-section-wrap\">\n\t\t\t\t\t\t\t<section class=\"elementor-section elementor-top-section elementor-element elementor-element-f25bb5e elementor-section-full_width elementor-section-height-default elementor-section-height-default\" data-id=\"f25bb5e\" data-element_type=\"section\">\n\t\t\t\t\t\t<div class=\"elementor-container elementor-column-gap-custom\">\n\t\t\t\t\t<div class=\"elementor-column elementor-col-100 elementor-top-column elementor-element elementor-element-d58ca2c\" data-id=\"d58ca2c\" data-element_type=\"column\">\n\t\t\t<div class=\"elementor-widget-wrap elementor-element-populated\">\n\t\t\t\t\t\t\t\t<div class=\"elementor-element elementor-element-a67c8f0 elementor-widget elementor-widget-image\" data-id=\"a67c8f0\" data-element_type=\"widget\" data-widget_type=\"image.default\">\n\t\t\t\t<div class=\"elementor-widget-container\">\n\t\t\t\t\t\t\t\t\t\t\t\t\t\t\t<img src=\"https:\/\/arquimedesmg.com.br\/wp-content\/uploads\/2021\/03\/ttttt1_Prancheta-1.png\" title=\"ttttt1_Prancheta 1\" alt=\"ttttt1_Prancheta 1\" \/>\t\t\t\t\t\t\t\t\t\t\t\t\t\t\t<\/div>\n\t\t\t\t<\/div>\n\t\t\t\t\t<\/div>\n\t\t<\/div>\n\t\t\t\t\t\t\t<\/div>\n\t\t<\/section>\n\t\t\t\t<section class=\"elementor-section elementor-top-section elementor-element elementor-element-3bbbb49 elementor-section-boxed elementor-section-height-default elementor-section-height-default\" data-id=\"3bbbb49\" data-element_type=\"section\">\n\t\t\t\t\t\t<div class=\"elementor-container elementor-column-gap-default\">\n\t\t\t\t\t<div class=\"elementor-column elementor-col-100 elementor-top-column elementor-element elementor-element-d612adc\" data-id=\"d612adc\" data-element_type=\"column\">\n\t\t\t<div class=\"elementor-widget-wrap elementor-element-populated\">\n\t\t\t\t\t\t\t\t<div class=\"elementor-element elementor-element-b363a8b elementor-widget elementor-widget-spacer\" data-id=\"b363a8b\" data-element_type=\"widget\" data-widget_type=\"spacer.default\">\n\t\t\t\t<div class=\"elementor-widget-container\">\n\t\t\t\t\t<div class=\"elementor-spacer\">\n\t\t\t<div class=\"elementor-spacer-inner\"><\/div>\n\t\t<\/div>\n\t\t\t\t<\/div>\n\t\t\t\t<\/div>\n\t\t\t\t\t<\/div>\n\t\t<\/div>\n\t\t\t\t\t\t\t<\/div>\n\t\t<\/section>\n\t\t\t\t<section class=\"elementor-section elementor-top-section elementor-element elementor-element-1e3d65a elementor-section-boxed elementor-section-height-default elementor-section-height-default\" data-id=\"1e3d65a\" data-element_type=\"section\">\n\t\t\t\t\t\t<div class=\"elementor-container elementor-column-gap-default\">\n\t\t\t\t\t<div class=\"elementor-column elementor-col-33 elementor-top-column elementor-element elementor-element-f6c5878\" data-id=\"f6c5878\" data-element_type=\"column\">\n\t\t\t<div class=\"elementor-widget-wrap elementor-element-populated\">\n\t\t\t\t\t\t\t\t<div class=\"elementor-element elementor-element-fb08a96 elementor-widget elementor-widget-heading\" data-id=\"fb08a96\" data-element_type=\"widget\" data-widget_type=\"heading.default\">\n\t\t\t\t<div class=\"elementor-widget-container\">\n\t\t\t<h2 class=\"elementor-heading-title elementor-size-default\">Retorno Produtos (Take-back)<\/h2>\t\t<\/div>\n\t\t\t\t<\/div>\n\t\t\t\t\t<\/div>\n\t\t<\/div>\n\t\t\t\t<div class=\"elementor-column elementor-col-33 elementor-top-column elementor-element elementor-element-3cafb3a\" data-id=\"3cafb3a\" data-element_type=\"column\">\n\t\t\t<div class=\"elementor-widget-wrap\">\n\t\t\t\t\t\t\t\t\t<\/div>\n\t\t<\/div>\n\t\t\t\t<div class=\"elementor-column elementor-col-33 elementor-top-column elementor-element elementor-element-76b5db7\" data-id=\"76b5db7\" data-element_type=\"column\">\n\t\t\t<div class=\"elementor-widget-wrap\">\n\t\t\t\t\t\t\t\t\t<\/div>\n\t\t<\/div>\n\t\t\t\t\t\t\t<\/div>\n\t\t<\/section>\n\t\t\t\t<section class=\"elementor-section elementor-top-section elementor-element elementor-element-1fd0d15 elementor-section-boxed elementor-section-height-default elementor-section-height-default\" data-id=\"1fd0d15\" data-element_type=\"section\">\n\t\t\t\t\t\t<div class=\"elementor-container elementor-column-gap-default\">\n\t\t\t\t\t<div class=\"elementor-column elementor-col-100 elementor-top-column elementor-element elementor-element-1824640\" data-id=\"1824640\" data-element_type=\"column\">\n\t\t\t<div class=\"elementor-widget-wrap elementor-element-populated\">\n\t\t\t\t\t\t\t\t<div class=\"elementor-element elementor-element-39e30a7 elementor-widget elementor-widget-spacer\" data-id=\"39e30a7\" data-element_type=\"widget\" data-widget_type=\"spacer.default\">\n\t\t\t\t<div class=\"elementor-widget-container\">\n\t\t\t\t\t<div class=\"elementor-spacer\">\n\t\t\t<div class=\"elementor-spacer-inner\"><\/div>\n\t\t<\/div>\n\t\t\t\t<\/div>\n\t\t\t\t<\/div>\n\t\t\t\t\t<\/div>\n\t\t<\/div>\n\t\t\t\t\t\t\t<\/div>\n\t\t<\/section>\n\t\t\t\t<section class=\"elementor-section elementor-top-section elementor-element elementor-element-bd966f4 elementor-section-full_width elementor-section-height-default elementor-section-height-default\" data-id=\"bd966f4\" data-element_type=\"section\">\n\t\t\t\t\t\t<div class=\"elementor-container elementor-column-gap-default\">\n\t\t\t\t\t<div class=\"elementor-column elementor-col-33 elementor-top-column elementor-element elementor-element-4608e77\" data-id=\"4608e77\" data-element_type=\"column\">\n\t\t\t<div class=\"elementor-widget-wrap\">\n\t\t\t\t\t\t\t\t\t<\/div>\n\t\t<\/div>\n\t\t\t\t<div class=\"elementor-column elementor-col-33 elementor-top-column elementor-element elementor-element-993556c\" data-id=\"993556c\" data-element_type=\"column\">\n\t\t\t<div class=\"elementor-widget-wrap elementor-element-populated\">\n\t\t\t\t\t\t\t\t<div class=\"elementor-element elementor-element-8faf404 elementor-widget elementor-widget-text-editor\" data-id=\"8faf404\" data-element_type=\"widget\" data-widget_type=\"text-editor.default\">\n\t\t\t\t<div class=\"elementor-widget-container\">\n\t\t\t\t\t\t\t\t<h5><span style=\"font-family: inherit; letter-spacing: 0px; color: #000000;\">A Arquimedes apoia o descarte adequado de seus produtos ap\u00f3s o fim da sua vida \u00fatil. Pensando nisso, disponibilizamos os Servi\u00e7os de Retorno dos Produtos (take-back service). Este servi\u00e7o consiste no recebimento http:\/\/www.arquimedesmg.com.br\/img\/eco01.jpgde itens por n\u00f3s comercializados. Entre eles podemos citar como exemplo: As embalagens, os equipamentos, os acess\u00f3rios e baterias ap\u00f3s o fim da sua vida \u00fatil. Estes produtos recebem os primeiros tratamentos ainda na Arquimedes, sendo desmontados e descaracterizados para descarte. Este servi\u00e7o est\u00e1 dispon\u00edvel a qualquer cliente, bastando o mesmo enviar o produto para a Arquimedes. Os custos para a destina\u00e7\u00e3o final dos itens ser\u00e3o de responsabilidade da Arquimedes ap\u00f3s o recebimento destas em sua sede.<\/span><\/h5><h5><span style=\"color: #000000;\">Ao receber o equipamento, a Arquimedes executa uma inspe\u00e7\u00e3o e, caso o mesmo possa ser reaproveitado poder\u00e1 ser doado a institui\u00e7\u00f5es com fins sociais, colaborando, dessa forma, com a inclus\u00e3o digital. N\u00e3o sendo poss\u00edvel o reaproveitado, o equipamento \u00e9 desmontado e armazenado at\u00e9 o momento do seu descarte final.<\/span><\/h5><p><span style=\"color: #000000; font-family: inherit; font-size: 19px; font-weight: 600; letter-spacing: 0px;\">Para evitar problemas, certifique-se de que, antes de enviar o produto para reciclagem, foi realizada a c\u00f3pia de seguran\u00e7a ou a transfer\u00eancia dos dados, e verifique se os dados foram apagados das m\u00eddias de armazenamento.<\/span><\/p><h5><span style=\"color: #000000;\">Para baterias fa\u00e7a uma embalagem segura para evitar problemas de vazamentos. N\u00e3o se esque\u00e7a de identificar com a posi\u00e7\u00e3o correta que deve ser transportada.<\/span><\/h5><h5><span style=\"color: #000000;\">D\u00ea sempre prefer\u00eancia em retornar o produto para seu fabricante, entretanto, se for utilizar outro meio de reciclagem, utilize empresas licenciadas\/especializadas para a execu\u00e7\u00e3o servi\u00e7o, pois eletr\u00f4nicos possuem pe\u00e7as e partes que necessitam de manuseio e tratamento seletivo. Veja orienta\u00e7\u00f5es de destina\u00e7\u00e3o\/desmonte do produto.<\/span><\/h5><h5><span style=\"color: #000000;\">Estas a\u00e7\u00f5es, fazem parte do compromisso ambiental da Arquimedes e oferecem a nossos clientes a oportunidade em contribuir com a redu\u00e7\u00e3o do impacto no meio ambiente ao adquirirem produtos Arquimedes sustent\u00e1veis.<\/span><\/h5><h5><span style=\"color: #000000;\">Desde j\u00e1 agradecemos a todos que contribuem com a preserva\u00e7\u00e3o do meio ambiente.<\/span><\/h5>\t\t\t\t\t\t<\/div>\n\t\t\t\t<\/div>\n\t\t\t\t\t<\/div>\n\t\t<\/div>\n\t\t\t\t<div class=\"elementor-column elementor-col-33 elementor-top-column elementor-element elementor-element-32a645d\" data-id=\"32a645d\" data-element_type=\"column\">\n\t\t\t<div class=\"elementor-widget-wrap\">\n\t\t\t\t\t\t\t\t\t<\/div>\n\t\t<\/div>\n\t\t\t\t\t\t\t<\/div>\n\t\t<\/section>\n\t\t\t\t<section class=\"elementor-section elementor-top-section elementor-element elementor-element-d768f22 elementor-section-boxed elementor-section-height-default elementor-section-height-default\" data-id=\"d768f22\" data-element_type=\"section\">\n\t\t\t\t\t\t<div class=\"elementor-container elementor-column-gap-default\">\n\t\t\t\t\t<div class=\"elementor-column elementor-col-25 elementor-top-column elementor-element elementor-element-8fee534\" data-id=\"8fee534\" data-element_type=\"column\">\n\t\t\t<div class=\"elementor-widget-wrap\">\n\t\t\t\t\t\t\t\t\t<\/div>\n\t\t<\/div>\n\t\t\t\t<div class=\"elementor-column elementor-col-50 elementor-top-column elementor-element elementor-element-c5e8173\" data-id=\"c5e8173\" data-element_type=\"column\">\n\t\t\t<div class=\"elementor-widget-wrap elementor-element-populated\">\n\t\t\t\t\t\t\t\t<div class=\"elementor-element elementor-element-fd95afb elementor-widget elementor-widget-wp-widget-custom_html\" data-id=\"fd95afb\" data-element_type=\"widget\" data-widget_type=\"wp-widget-custom_html.default\">\n\t\t\t\t<div class=\"elementor-widget-container\">\n\t\t\t<div class=\"textwidget custom-html-widget\"><div role=\"form\" class=\"wpcf7\" id=\"wpcf7-f5-o1\" lang=\"en-US\" dir=\"ltr\">\n<div class=\"screen-reader-response\"><p role=\"status\" aria-live=\"polite\" aria-atomic=\"true\"><\/p> <ul><\/ul><\/div>\n<form action=\"\/index.php?rest_route=%2Fwp%2Fv2%2Fpages%2F1995#wpcf7-f5-o1\" method=\"post\" class=\"wpcf7-form init\" novalidate=\"novalidate\" data-status=\"init\">\n<div style=\"display: none;\">\n<input type=\"hidden\" name=\"_wpcf7\" value=\"5\" \/>\n<input type=\"hidden\" name=\"_wpcf7_version\" value=\"5.4.1\" \/>\n<input type=\"hidden\" name=\"_wpcf7_locale\" value=\"en_US\" \/>\n<input type=\"hidden\" name=\"_wpcf7_unit_tag\" value=\"wpcf7-f5-o1\" \/>\n<input type=\"hidden\" name=\"_wpcf7_container_post\" value=\"0\" \/>\n<input type=\"hidden\" name=\"_wpcf7_posted_data_hash\" value=\"\" \/>\n<\/div>\n<div class=\"contact-1\">\n<h3 class=\"title-form\">Duvidas sobre estes servi\u00e7os podem ser esclarecidas com nosso departamento de Qualidade <\/h3>\n<p><canvas class=\"myCanvas\" width=\"70\" height=\"20\" data-color=\"#12a85f\"><\/canvas><\/p>\n<div class=\"con\">\n<div class=\"input name\">\n   <span class=\"wpcf7-form-control-wrap your-name\"><input type=\"text\" name=\"your-name\" value=\"\" size=\"40\" class=\"wpcf7-form-control wpcf7-text wpcf7-validates-as-required\" aria-required=\"true\" aria-invalid=\"false\" placeholder=\"Seu nome*\" \/><\/span>\n <\/div>\n<div class=\"input email\">\n   <span class=\"wpcf7-form-control-wrap your-email\"><input type=\"email\" name=\"your-email\" value=\"\" size=\"40\" class=\"wpcf7-form-control wpcf7-text wpcf7-email wpcf7-validates-as-required wpcf7-validates-as-email\" aria-required=\"true\" aria-invalid=\"false\" placeholder=\"Seu - mail @*\" \/><\/span>\n <\/div>\n<div class=\"input telephone\">\n   <span class=\"wpcf7-form-control-wrap your-phone\"><input type=\"text\" name=\"your-phone\" value=\"\" size=\"40\" class=\"wpcf7-form-control wpcf7-text wpcf7-validates-as-required\" aria-required=\"true\" aria-invalid=\"false\" placeholder=\"N\u00famero de telefone*\" \/><\/span>\n <\/div>\n<div class=\"input website\">\n   <span class=\"wpcf7-form-control-wrap your-subject\"><input type=\"text\" name=\"your-subject\" value=\"\" size=\"40\" class=\"wpcf7-form-control wpcf7-text wpcf7-validates-as-required\" aria-required=\"true\" aria-invalid=\"false\" placeholder=\"Seu assunto\" \/><\/span>\n <\/div>\n<\/div>\n<div class=\"con\">\n<div class=\"message\">\n    <span class=\"wpcf7-form-control-wrap your-message\"><textarea name=\"your-message\" cols=\"40\" rows=\"10\" class=\"wpcf7-form-control wpcf7-textarea wpcf7-validates-as-required\" aria-required=\"true\" aria-invalid=\"false\" placeholder=\"Comente*\"><\/textarea><\/span>\n  <\/div>\n<\/div>\n<p><input type=\"submit\" value=\"Enviar\" class=\"wpcf7-form-control wpcf7-submit\" \/>\n<\/p><\/div>\n<div class=\"wpcf7-response-output\" aria-hidden=\"true\"><\/div><\/form><\/div><\/div>\t\t<\/div>\n\t\t\t\t<\/div>\n\t\t\t\t\t<\/div>\n\t\t<\/div>\n\t\t\t\t<div class=\"elementor-column elementor-col-25 elementor-top-column elementor-element elementor-element-0e43fa8\" data-id=\"0e43fa8\" data-element_type=\"column\">\n\t\t\t<div class=\"elementor-widget-wrap\">\n\t\t\t\t\t\t\t\t\t<\/div>\n\t\t<\/div>\n\t\t\t\t\t\t\t<\/div>\n\t\t<\/section>\n\t\t\t\t\t\t<\/div>\n\t\t\t\t\t<\/div>\n\t\t","protected":false},"excerpt":{"rendered":"<p>Retorno Produtos (Take-back) A Arquimedes apoia o descarte adequado de seus produtos ap\u00f3s o fim da sua vida \u00fatil. Pensando nisso, disponibilizamos os Servi\u00e7os de Retorno dos Produtos (take-back service). Este servi\u00e7o consiste no recebimento http:\/\/www.arquimedesmg.com.br\/img\/eco01.jpgde itens por n\u00f3s comercializados. Entre eles podemos citar como exemplo: As embalagens, os equipamentos, os acess\u00f3rios e baterias ap\u00f3s [&hellip;]<\/p>\n","protected":false},"author":1,"featured_media":0,"parent":0,"menu_order":0,"comment_status":"closed","ping_status":"closed","template":"elementor_header_footer","meta":[],"_links":{"self":[{"href":"https:\/\/arquimedesmg.com.br\/index.php?rest_route=\/wp\/v2\/pages\/1995"}],"collection":[{"href":"https:\/\/arquimedesmg.com.br\/index.php?rest_route=\/wp\/v2\/pages"}],"about":[{"href":"https:\/\/arquimedesmg.com.br\/index.php?rest_route=\/wp\/v2\/types\/page"}],"author":[{"embeddable":true,"href":"https:\/\/arquimedesmg.com.br\/index.php?rest_route=\/wp\/v2\/users\/1"}],"replies":[{"embeddable":true,"href":"https:\/\/arquimedesmg.com.br\/index.php?rest_route=%2Fwp%2Fv2%2Fcomments&post=1995"}],"version-history":[{"count":40,"href":"https:\/\/arquimedesmg.com.br\/index.php?rest_route=\/wp\/v2\/pages\/1995\/revisions"}],"predecessor-version":[{"id":2038,"href":"https:\/\/arquimedesmg.com.br\/index.php?rest_route=\/wp\/v2\/pages\/1995\/revisions\/2038"}],"wp:attachment":[{"href":"https:\/\/arquimedesmg.com.br\/index.php?rest_route=%2Fwp%2Fv2%2Fmedia&parent=1995"}],"curies":[{"name":"wp","href":"https:\/\/api.w.org\/{rel}","templated":true}]}}