{"id":1880,"date":"2021-03-28T18:55:35","date_gmt":"2021-03-28T21:55:35","guid":{"rendered":"https:\/\/arquimedesmg.com.br\/?page_id=1880"},"modified":"2021-03-28T20:31:16","modified_gmt":"2021-03-28T23:31:16","slug":"ambientet","status":"publish","type":"page","link":"https:\/\/arquimedesmg.com.br\/?page_id=1880","title":{"rendered":"Meio Ambiente"},"content":{"rendered":"\t\t<div data-elementor-type=\"wp-page\" data-elementor-id=\"1880\" class=\"elementor elementor-1880\" data-elementor-settings=\"[]\">\n\t\t\t\t\t\t\t<div class=\"elementor-section-wrap\">\n\t\t\t\t\t\t\t<section class=\"elementor-section elementor-top-section elementor-element elementor-element-2249e9a elementor-section-full_width elementor-section-height-default elementor-section-height-default\" data-id=\"2249e9a\" data-element_type=\"section\">\n\t\t\t\t\t\t<div class=\"elementor-container elementor-column-gap-custom\">\n\t\t\t\t\t<div class=\"elementor-column elementor-col-100 elementor-top-column elementor-element elementor-element-91cf3e5\" data-id=\"91cf3e5\" data-element_type=\"column\">\n\t\t\t<div class=\"elementor-widget-wrap elementor-element-populated\">\n\t\t\t\t\t\t\t\t<div class=\"elementor-element elementor-element-7b7cdf9 elementor-widget elementor-widget-image\" data-id=\"7b7cdf9\" data-element_type=\"widget\" data-widget_type=\"image.default\">\n\t\t\t\t<div class=\"elementor-widget-container\">\n\t\t\t\t\t\t\t\t\t\t\t\t\t\t\t<img width=\"1933\" height=\"580\" src=\"https:\/\/arquimedesmg.com.br\/wp-content\/uploads\/2021\/03\/ttttt1_Prancheta-1.png\" class=\"attachment-2048x2048 size-2048x2048\" alt=\"\" loading=\"lazy\" srcset=\"https:\/\/arquimedesmg.com.br\/wp-content\/uploads\/2021\/03\/ttttt1_Prancheta-1.png 1933w, https:\/\/arquimedesmg.com.br\/wp-content\/uploads\/2021\/03\/ttttt1_Prancheta-1-300x90.png 300w, https:\/\/arquimedesmg.com.br\/wp-content\/uploads\/2021\/03\/ttttt1_Prancheta-1-1024x307.png 1024w, https:\/\/arquimedesmg.com.br\/wp-content\/uploads\/2021\/03\/ttttt1_Prancheta-1-768x230.png 768w, https:\/\/arquimedesmg.com.br\/wp-content\/uploads\/2021\/03\/ttttt1_Prancheta-1-1536x461.png 1536w\" sizes=\"(max-width: 1933px) 100vw, 1933px\" \/>\t\t\t\t\t\t\t\t\t\t\t\t\t\t\t<\/div>\n\t\t\t\t<\/div>\n\t\t\t\t\t<\/div>\n\t\t<\/div>\n\t\t\t\t\t\t\t<\/div>\n\t\t<\/section>\n\t\t\t\t<section class=\"elementor-section elementor-top-section elementor-element elementor-element-3d57ad6 elementor-section-boxed elementor-section-height-default elementor-section-height-default\" data-id=\"3d57ad6\" data-element_type=\"section\">\n\t\t\t\t\t\t<div class=\"elementor-container elementor-column-gap-default\">\n\t\t\t\t\t<div class=\"elementor-column elementor-col-100 elementor-top-column elementor-element elementor-element-41e098f\" data-id=\"41e098f\" data-element_type=\"column\">\n\t\t\t<div class=\"elementor-widget-wrap elementor-element-populated\">\n\t\t\t\t\t\t\t\t<div class=\"elementor-element elementor-element-c0f2b17 elementor-widget elementor-widget-spacer\" data-id=\"c0f2b17\" data-element_type=\"widget\" data-widget_type=\"spacer.default\">\n\t\t\t\t<div class=\"elementor-widget-container\">\n\t\t\t\t\t<div class=\"elementor-spacer\">\n\t\t\t<div class=\"elementor-spacer-inner\"><\/div>\n\t\t<\/div>\n\t\t\t\t<\/div>\n\t\t\t\t<\/div>\n\t\t\t\t\t<\/div>\n\t\t<\/div>\n\t\t\t\t\t\t\t<\/div>\n\t\t<\/section>\n\t\t\t\t<section class=\"elementor-section elementor-top-section elementor-element elementor-element-ebe32e6 elementor-section-boxed elementor-section-height-default elementor-section-height-default\" data-id=\"ebe32e6\" data-element_type=\"section\">\n\t\t\t\t\t\t<div class=\"elementor-container elementor-column-gap-default\">\n\t\t\t\t\t<div class=\"elementor-column elementor-col-50 elementor-top-column elementor-element elementor-element-3a558ad\" data-id=\"3a558ad\" data-element_type=\"column\">\n\t\t\t<div class=\"elementor-widget-wrap elementor-element-populated\">\n\t\t\t\t\t\t\t\t<div class=\"elementor-element elementor-element-22b2601 elementor-widget elementor-widget-heading\" data-id=\"22b2601\" data-element_type=\"widget\" data-widget_type=\"heading.default\">\n\t\t\t\t<div class=\"elementor-widget-container\">\n\t\t\t<h2 class=\"elementor-heading-title elementor-size-default\">Consci\u00eancia Ambiental<\/h2>\t\t<\/div>\n\t\t\t\t<\/div>\n\t\t\t\t\t<\/div>\n\t\t<\/div>\n\t\t\t\t<div class=\"elementor-column elementor-col-25 elementor-top-column elementor-element elementor-element-a907e0f\" data-id=\"a907e0f\" data-element_type=\"column\">\n\t\t\t<div class=\"elementor-widget-wrap elementor-element-populated\">\n\t\t\t\t\t\t\t\t<div class=\"elementor-element elementor-element-4923d06 elementor-widget elementor-widget-image\" data-id=\"4923d06\" data-element_type=\"widget\" data-widget_type=\"image.default\">\n\t\t\t\t<div class=\"elementor-widget-container\">\n\t\t\t\t\t\t\t\t\t\t\t\t\t\t\t<img width=\"454\" height=\"348\" src=\"https:\/\/arquimedesmg.com.br\/wp-content\/uploads\/2021\/03\/reci_arqui.jpg\" class=\"attachment-large size-large\" alt=\"\" loading=\"lazy\" srcset=\"https:\/\/arquimedesmg.com.br\/wp-content\/uploads\/2021\/03\/reci_arqui.jpg 454w, https:\/\/arquimedesmg.com.br\/wp-content\/uploads\/2021\/03\/reci_arqui-300x230.jpg 300w\" sizes=\"(max-width: 454px) 100vw, 454px\" \/>\t\t\t\t\t\t\t\t\t\t\t\t\t\t\t<\/div>\n\t\t\t\t<\/div>\n\t\t\t\t\t<\/div>\n\t\t<\/div>\n\t\t\t\t<div class=\"elementor-column elementor-col-25 elementor-top-column elementor-element elementor-element-8135062\" data-id=\"8135062\" data-element_type=\"column\">\n\t\t\t<div class=\"elementor-widget-wrap\">\n\t\t\t\t\t\t\t\t\t<\/div>\n\t\t<\/div>\n\t\t\t\t\t\t\t<\/div>\n\t\t<\/section>\n\t\t\t\t<section class=\"elementor-section elementor-top-section elementor-element elementor-element-70005fe elementor-section-boxed elementor-section-height-default elementor-section-height-default\" data-id=\"70005fe\" data-element_type=\"section\">\n\t\t\t\t\t\t<div class=\"elementor-container elementor-column-gap-default\">\n\t\t\t\t\t<div class=\"elementor-column elementor-col-100 elementor-top-column elementor-element elementor-element-583726d\" data-id=\"583726d\" data-element_type=\"column\">\n\t\t\t<div class=\"elementor-widget-wrap elementor-element-populated\">\n\t\t\t\t\t\t\t\t<div class=\"elementor-element elementor-element-9469fb7 elementor-widget elementor-widget-spacer\" data-id=\"9469fb7\" data-element_type=\"widget\" data-widget_type=\"spacer.default\">\n\t\t\t\t<div class=\"elementor-widget-container\">\n\t\t\t\t\t<div class=\"elementor-spacer\">\n\t\t\t<div class=\"elementor-spacer-inner\"><\/div>\n\t\t<\/div>\n\t\t\t\t<\/div>\n\t\t\t\t<\/div>\n\t\t\t\t\t<\/div>\n\t\t<\/div>\n\t\t\t\t\t\t\t<\/div>\n\t\t<\/section>\n\t\t\t\t<section class=\"elementor-section elementor-top-section elementor-element elementor-element-b793114 elementor-section-full_width elementor-section-height-default elementor-section-height-default\" data-id=\"b793114\" data-element_type=\"section\">\n\t\t\t\t\t\t<div class=\"elementor-container elementor-column-gap-default\">\n\t\t\t\t\t<div class=\"elementor-column elementor-col-25 elementor-top-column elementor-element elementor-element-b033577\" data-id=\"b033577\" data-element_type=\"column\">\n\t\t\t<div class=\"elementor-widget-wrap\">\n\t\t\t\t\t\t\t\t\t<\/div>\n\t\t<\/div>\n\t\t\t\t<div class=\"elementor-column elementor-col-50 elementor-top-column elementor-element elementor-element-d2f483a\" data-id=\"d2f483a\" data-element_type=\"column\">\n\t\t\t<div class=\"elementor-widget-wrap elementor-element-populated\">\n\t\t\t\t\t\t\t\t<div class=\"elementor-element elementor-element-8d931de elementor-widget elementor-widget-text-editor\" data-id=\"8d931de\" data-element_type=\"widget\" data-widget_type=\"text-editor.default\">\n\t\t\t\t<div class=\"elementor-widget-container\">\n\t\t\t\t\t\t\t\t<h5><span style=\"color: #333333;\">Reduzir, Reaproveitar e Reciclar s\u00e3o necessidades do mundo atual, visando minimizar os impactos no meio ambiente. N\u00f3s, da Arquimedes, realizamos treinamentos de conscientiza\u00e7\u00e3o em todos os nossos colaboradores e mantemos parcerias com empresas que fazem a reciclagem dos res\u00edduos gerados em nosso processo produtivo e do nosso \u201clixo eletr\u00f4nico\u201d.<br \/><br \/>Os res\u00edduos resultantes dos processos administrativo e produtivo s\u00e3o devidamente destinados. Com o Plano de Gerenciamento de Res\u00edduos S\u00f3lidos Especiais &#8211; PGRSE, tanto a Arquimedes quanto os \u00f3rg\u00e3os p\u00fablicos de meio ambiente e de limpeza urbana podem gerenciar e monitorar os res\u00edduos e, assim, fiscalizar o correto manejo e destina\u00e7\u00e3o final dos mesmos.<br \/><br \/>A Arquimedes fecha acordos com fornecedores para aquisi\u00e7\u00e3o de produtos em \u201cembalagens econ\u00f4micas\u201d, sem que haja perda de qualidade. Com essa atitude, reduzimos, significativamente, a utiliza\u00e7\u00e3o de embalagens desnecess\u00e1rias. Ainda assim, devido ao volume de produ\u00e7\u00e3o, temos, ao final de nosso processo, uma quantidade de embalagens a serem descartadas, que s\u00e3o enviadas para ser reciclados por empresa especializada.<br \/><br \/>Nosso \u201clixo eletr\u00f4nico\u201d tem destino ambientalmente correto. Temos parceria com empresas que promovem a descontamina\u00e7\u00e3o e reciclagem de circuitos eletr\u00f4nicos, monitores de v\u00eddeo, sucata de ferro, baterias e l\u00e2mpadas fluorescentes,etc.<br \/><br \/>Outro diferencial da Arquimedes tanto para o mercado corporativo ou para o mercado de Governo \u00e9 o Servi\u00e7o de Retorno de Produtos e seus acess\u00f3rios. Este servi\u00e7o esta dispon\u00edvel para os clientes cujos equipamentos chegaram ao t\u00e9rmino de sua vida \u00fatil.<br \/><br \/>Dispomos tamb\u00e9m de um servi\u00e7o de retorno de embalagens tanto para reutiliza\u00e7\u00e3o em nosso processo quanto para destina\u00e7\u00e3o \u00e0 reciclagem. Este processo de reutiliza\u00e7\u00e3o e retorno das embalagens, s\u00f3 \u00e9 poss\u00edvel em parceria com nossos clientes no correto manuseio das embalagens.<br \/>Ap\u00f3s o recebimento em nossas depend\u00eancias dos produtos para destina\u00e7\u00e3o, os custos de log\u00edstica de armazenamento s\u00e3o de nossa responsabilidade.<br \/><br \/>Podemos dizer que a Arquimedes est\u00e1 cumprindo seu papel, com atitudes ambientalmente corretas, desempenhando suas atividades de maneira respons\u00e1ve<\/span><\/h5>\t\t\t\t\t\t<\/div>\n\t\t\t\t<\/div>\n\t\t\t\t\t<\/div>\n\t\t<\/div>\n\t\t\t\t<div class=\"elementor-column elementor-col-25 elementor-top-column elementor-element elementor-element-ac7ca79\" data-id=\"ac7ca79\" data-element_type=\"column\">\n\t\t\t<div class=\"elementor-widget-wrap\">\n\t\t\t\t\t\t\t\t\t<\/div>\n\t\t<\/div>\n\t\t\t\t\t\t\t<\/div>\n\t\t<\/section>\n\t\t\t\t<section class=\"elementor-section elementor-top-section elementor-element elementor-element-cd3eb9f elementor-section-boxed elementor-section-height-default elementor-section-height-default\" data-id=\"cd3eb9f\" data-element_type=\"section\">\n\t\t\t\t\t\t<div class=\"elementor-container elementor-column-gap-default\">\n\t\t\t\t\t<div class=\"elementor-column elementor-col-100 elementor-top-column elementor-element elementor-element-d985748\" data-id=\"d985748\" data-element_type=\"column\">\n\t\t\t<div class=\"elementor-widget-wrap elementor-element-populated\">\n\t\t\t\t\t\t\t\t<div class=\"elementor-element elementor-element-5ece644 elementor-widget elementor-widget-spacer\" data-id=\"5ece644\" data-element_type=\"widget\" data-widget_type=\"spacer.default\">\n\t\t\t\t<div class=\"elementor-widget-container\">\n\t\t\t\t\t<div class=\"elementor-spacer\">\n\t\t\t<div class=\"elementor-spacer-inner\"><\/div>\n\t\t<\/div>\n\t\t\t\t<\/div>\n\t\t\t\t<\/div>\n\t\t\t\t\t<\/div>\n\t\t<\/div>\n\t\t\t\t\t\t\t<\/div>\n\t\t<\/section>\n\t\t\t\t<section class=\"elementor-section elementor-top-section elementor-element elementor-element-2cb4bb9 elementor-section-boxed elementor-section-height-default elementor-section-height-default\" data-id=\"2cb4bb9\" data-element_type=\"section\">\n\t\t\t\t\t\t<div class=\"elementor-container elementor-column-gap-default\">\n\t\t\t\t\t<div class=\"elementor-column elementor-col-33 elementor-top-column elementor-element elementor-element-ff47876\" data-id=\"ff47876\" data-element_type=\"column\">\n\t\t\t<div class=\"elementor-widget-wrap elementor-element-populated\">\n\t\t\t\t\t\t\t\t<div class=\"elementor-element elementor-element-464c335 elementor-align-center elementor-widget elementor-widget-button\" data-id=\"464c335\" data-element_type=\"widget\" data-widget_type=\"button.default\">\n\t\t\t\t<div class=\"elementor-widget-container\">\n\t\t\t\t\t<div class=\"elementor-button-wrapper\">\n\t\t\t<a href=\"https:\/\/arquimedesmg.com.br\/?page_id=1995\" class=\"elementor-button-link elementor-button elementor-size-sm\" role=\"button\">\n\t\t\t\t\t\t<span class=\"elementor-button-content-wrapper\">\n\t\t\t\t\t\t<span class=\"elementor-button-text\">Conhe\u00e7a mais sobre o Servi\u00e7o de Retorno de Produtos<\/span>\n\t\t<\/span>\n\t\t\t\t\t<\/a>\n\t\t<\/div>\n\t\t\t\t<\/div>\n\t\t\t\t<\/div>\n\t\t\t\t\t<\/div>\n\t\t<\/div>\n\t\t\t\t<div class=\"elementor-column elementor-col-33 elementor-top-column elementor-element elementor-element-a611e4e\" data-id=\"a611e4e\" data-element_type=\"column\">\n\t\t\t<div class=\"elementor-widget-wrap elementor-element-populated\">\n\t\t\t\t\t\t\t\t<div class=\"elementor-element elementor-element-6b99294 elementor-widget elementor-widget-button\" data-id=\"6b99294\" data-element_type=\"widget\" data-widget_type=\"button.default\">\n\t\t\t\t<div class=\"elementor-widget-container\">\n\t\t\t\t\t<div class=\"elementor-button-wrapper\">\n\t\t\t<a href=\"https:\/\/arquimedesmg.com.br\/?page_id=2039\" class=\"elementor-button-link elementor-button elementor-size-sm\" role=\"button\">\n\t\t\t\t\t\t<span class=\"elementor-button-content-wrapper\">\n\t\t\t\t\t\t<span class=\"elementor-button-text\">Conhe\u00e7a mais sobre o Servi\u00e7o de Retorno de Embalagens<\/span>\n\t\t<\/span>\n\t\t\t\t\t<\/a>\n\t\t<\/div>\n\t\t\t\t<\/div>\n\t\t\t\t<\/div>\n\t\t\t\t\t<\/div>\n\t\t<\/div>\n\t\t\t\t<div class=\"elementor-column elementor-col-33 elementor-top-column elementor-element elementor-element-0def3aa\" data-id=\"0def3aa\" data-element_type=\"column\">\n\t\t\t<div class=\"elementor-widget-wrap elementor-element-populated\">\n\t\t\t\t\t\t\t\t<div class=\"elementor-element elementor-element-fd592dc elementor-widget elementor-widget-button\" data-id=\"fd592dc\" data-element_type=\"widget\" data-widget_type=\"button.default\">\n\t\t\t\t<div class=\"elementor-widget-container\">\n\t\t\t\t\t<div class=\"elementor-button-wrapper\">\n\t\t\t<a href=\"https:\/\/arquimedesmg.com.br\/?page_id=2056\" class=\"elementor-button-link elementor-button elementor-size-sm\" role=\"button\">\n\t\t\t\t\t\t<span class=\"elementor-button-content-wrapper\">\n\t\t\t\t\t\t<span class=\"elementor-button-text\">Conhe\u00e7a mais sobre Energia Solar Fotovoltaica<\/span>\n\t\t<\/span>\n\t\t\t\t\t<\/a>\n\t\t<\/div>\n\t\t\t\t<\/div>\n\t\t\t\t<\/div>\n\t\t\t\t\t<\/div>\n\t\t<\/div>\n\t\t\t\t\t\t\t<\/div>\n\t\t<\/section>\n\t\t\t\t<section class=\"elementor-section elementor-top-section elementor-element elementor-element-01367df elementor-section-boxed elementor-section-height-default elementor-section-height-default\" data-id=\"01367df\" data-element_type=\"section\">\n\t\t\t\t\t\t<div class=\"elementor-container elementor-column-gap-default\">\n\t\t\t\t\t<div class=\"elementor-column elementor-col-100 elementor-top-column elementor-element elementor-element-cb10d38\" data-id=\"cb10d38\" data-element_type=\"column\">\n\t\t\t<div class=\"elementor-widget-wrap elementor-element-populated\">\n\t\t\t\t\t\t\t\t<div class=\"elementor-element elementor-element-68df9f4 elementor-widget elementor-widget-spacer\" data-id=\"68df9f4\" data-element_type=\"widget\" data-widget_type=\"spacer.default\">\n\t\t\t\t<div class=\"elementor-widget-container\">\n\t\t\t\t\t<div class=\"elementor-spacer\">\n\t\t\t<div class=\"elementor-spacer-inner\"><\/div>\n\t\t<\/div>\n\t\t\t\t<\/div>\n\t\t\t\t<\/div>\n\t\t\t\t\t<\/div>\n\t\t<\/div>\n\t\t\t\t\t\t\t<\/div>\n\t\t<\/section>\n\t\t\t\t\t\t<\/div>\n\t\t\t\t\t<\/div>\n\t\t","protected":false},"excerpt":{"rendered":"<p>Consci\u00eancia Ambiental Reduzir, Reaproveitar e Reciclar s\u00e3o necessidades do mundo atual, visando minimizar os impactos no meio ambiente. N\u00f3s, da Arquimedes, realizamos treinamentos de conscientiza\u00e7\u00e3o em todos os nossos colaboradores e mantemos parcerias com empresas que fazem a reciclagem dos res\u00edduos gerados em nosso processo produtivo e do nosso \u201clixo eletr\u00f4nico\u201d. Os res\u00edduos resultantes dos [&hellip;]<\/p>\n","protected":false},"author":1,"featured_media":0,"parent":0,"menu_order":0,"comment_status":"closed","ping_status":"closed","template":"elementor_header_footer","meta":[],"_links":{"self":[{"href":"https:\/\/arquimedesmg.com.br\/index.php?rest_route=\/wp\/v2\/pages\/1880"}],"collection":[{"href":"https:\/\/arquimedesmg.com.br\/index.php?rest_route=\/wp\/v2\/pages"}],"about":[{"href":"https:\/\/arquimedesmg.com.br\/index.php?rest_route=\/wp\/v2\/types\/page"}],"author":[{"embeddable":true,"href":"https:\/\/arquimedesmg.com.br\/index.php?rest_route=\/wp\/v2\/users\/1"}],"replies":[{"embeddable":true,"href":"https:\/\/arquimedesmg.com.br\/index.php?rest_route=%2Fwp%2Fv2%2Fcomments&post=1880"}],"version-history":[{"count":114,"href":"https:\/\/arquimedesmg.com.br\/index.php?rest_route=\/wp\/v2\/pages\/1880\/revisions"}],"predecessor-version":[{"id":2065,"href":"https:\/\/arquimedesmg.com.br\/index.php?rest_route=\/wp\/v2\/pages\/1880\/revisions\/2065"}],"wp:attachment":[{"href":"https:\/\/arquimedesmg.com.br\/index.php?rest_route=%2Fwp%2Fv2%2Fmedia&parent=1880"}],"curies":[{"name":"wp","href":"https:\/\/api.w.org\/{rel}","templated":true}]}}