{"id":1665,"date":"2021-02-21T19:57:26","date_gmt":"2021-02-21T22:57:26","guid":{"rendered":"https:\/\/arquimedesmg.com.br\/?page_id=1665"},"modified":"2021-04-04T15:07:36","modified_gmt":"2021-04-04T18:07:36","slug":"governo","status":"publish","type":"page","link":"https:\/\/arquimedesmg.com.br\/?page_id=1665","title":{"rendered":"Governo"},"content":{"rendered":"\t\t<div data-elementor-type=\"wp-page\" data-elementor-id=\"1665\" class=\"elementor elementor-1665\" data-elementor-settings=\"[]\">\n\t\t\t\t\t\t\t<div class=\"elementor-section-wrap\">\n\t\t\t\t\t\t\t<section class=\"elementor-section elementor-top-section elementor-element elementor-element-231a243 elementor-section-full_width elementor-section-height-default elementor-section-height-default\" data-id=\"231a243\" data-element_type=\"section\">\n\t\t\t\t\t\t<div class=\"elementor-container elementor-column-gap-default\">\n\t\t\t\t\t<div class=\"elementor-column elementor-col-100 elementor-top-column elementor-element elementor-element-ba780ef\" data-id=\"ba780ef\" data-element_type=\"column\">\n\t\t\t<div class=\"elementor-widget-wrap elementor-element-populated\">\n\t\t\t\t\t\t\t\t<div class=\"elementor-element elementor-element-ef24fce elementor-widget elementor-widget-image\" data-id=\"ef24fce\" data-element_type=\"widget\" data-widget_type=\"image.default\">\n\t\t\t\t<div class=\"elementor-widget-container\">\n\t\t\t\t\t\t\t\t\t\t\t\t<figure class=\"wp-caption\">\n\t\t\t\t\t\t\t\t\t\t<img width=\"2560\" height=\"683\" src=\"https:\/\/arquimedesmg.com.br\/wp-content\/uploads\/2021\/02\/go-banner-size-scaled.jpg\" class=\"attachment-full size-full\" alt=\"\" loading=\"lazy\" srcset=\"https:\/\/arquimedesmg.com.br\/wp-content\/uploads\/2021\/02\/go-banner-size-scaled.jpg 2560w, https:\/\/arquimedesmg.com.br\/wp-content\/uploads\/2021\/02\/go-banner-size-300x80.jpg 300w, https:\/\/arquimedesmg.com.br\/wp-content\/uploads\/2021\/02\/go-banner-size-1024x273.jpg 1024w, https:\/\/arquimedesmg.com.br\/wp-content\/uploads\/2021\/02\/go-banner-size-768x205.jpg 768w, https:\/\/arquimedesmg.com.br\/wp-content\/uploads\/2021\/02\/go-banner-size-1536x410.jpg 1536w, https:\/\/arquimedesmg.com.br\/wp-content\/uploads\/2021\/02\/go-banner-size-2048x546.jpg 2048w\" sizes=\"(max-width: 2560px) 100vw, 2560px\" \/>\t\t\t\t\t\t\t\t\t\t\t<figcaption class=\"widget-image-caption wp-caption-text\"><\/figcaption>\n\t\t\t\t\t\t\t\t\t\t<\/figure>\n\t\t\t\t\t\t\t\t\t<\/div>\n\t\t\t\t<\/div>\n\t\t\t\t\t<\/div>\n\t\t<\/div>\n\t\t\t\t\t\t\t<\/div>\n\t\t<\/section>\n\t\t\t\t<section class=\"elementor-section elementor-top-section elementor-element elementor-element-079b653 elementor-section-boxed elementor-section-height-default elementor-section-height-default\" data-id=\"079b653\" data-element_type=\"section\">\n\t\t\t\t\t\t<div class=\"elementor-container elementor-column-gap-default\">\n\t\t\t\t\t<div class=\"elementor-column elementor-col-100 elementor-top-column elementor-element elementor-element-915b82d\" data-id=\"915b82d\" data-element_type=\"column\">\n\t\t\t<div class=\"elementor-widget-wrap elementor-element-populated\">\n\t\t\t\t\t\t\t\t<div class=\"elementor-element elementor-element-3aa2e2c elementor-widget elementor-widget-heading\" data-id=\"3aa2e2c\" data-element_type=\"widget\" data-widget_type=\"heading.default\">\n\t\t\t\t<div class=\"elementor-widget-container\">\n\t\t\t<h2 class=\"elementor-heading-title elementor-size-default\">Atendimento ao setor P\u00fablico<\/h2>\t\t<\/div>\n\t\t\t\t<\/div>\n\t\t\t\t\t<\/div>\n\t\t<\/div>\n\t\t\t\t\t\t\t<\/div>\n\t\t<\/section>\n\t\t\t\t<section class=\"elementor-section elementor-top-section elementor-element elementor-element-cbb4cad elementor-section-boxed elementor-section-height-default elementor-section-height-default\" data-id=\"cbb4cad\" data-element_type=\"section\">\n\t\t\t\t\t\t<div class=\"elementor-container elementor-column-gap-default\">\n\t\t\t\t\t<div class=\"elementor-column elementor-col-100 elementor-top-column elementor-element elementor-element-37f2e54\" data-id=\"37f2e54\" data-element_type=\"column\">\n\t\t\t<div class=\"elementor-widget-wrap elementor-element-populated\">\n\t\t\t\t\t\t\t\t<div class=\"elementor-element elementor-element-0123475 elementor-widget elementor-widget-text-editor\" data-id=\"0123475\" data-element_type=\"widget\" data-widget_type=\"text-editor.default\">\n\t\t\t\t<div class=\"elementor-widget-container\">\n\t\t\t\t\t\t\t\t<p><span style=\"color: #000000;\"><strong>A Empresa Arquimedes Automa\u00e7\u00e3o e Inform\u00e1tica Ltda, visa atender os objetivos e compromissos com governo, ou seja, promover a maior transpar\u00eancia para a gest\u00e3o de compras governamentais. Estes processos promovem uma troca de experi\u00eancias e conhecimento entre os fornecedores e os org\u00e3os p\u00fablicos.<\/strong><\/span><br \/><span style=\"color: #000000;\"><strong><span style=\"font-family: var( --e-global-typography-text-font-family ), Sans-serif; letter-spacing: 0px;\">Atendemos em todo o territ\u00f3rio nacional, sempre preservando a nossa postura em qualquer negocio com o governo nas escalas federal, estadual ou municipal. Possu\u00edmos um setor dedicado ao atendimento p\u00fablico, com profissionais habilitados \u00e0 atender todas as necessidades desse setor oferecendo sempre um produto e um servi\u00e7o que atenda exatamente o que foi solicitado pelo \u00d3rg\u00e3o.<\/span><\/strong><\/span><\/p>\t\t\t\t\t\t<\/div>\n\t\t\t\t<\/div>\n\t\t\t\t\t<\/div>\n\t\t<\/div>\n\t\t\t\t\t\t\t<\/div>\n\t\t<\/section>\n\t\t\t\t<section class=\"elementor-section elementor-top-section elementor-element elementor-element-a867a7d elementor-section-boxed elementor-section-height-default elementor-section-height-default\" data-id=\"a867a7d\" data-element_type=\"section\">\n\t\t\t\t\t\t<div class=\"elementor-container elementor-column-gap-default\">\n\t\t\t\t\t<div class=\"elementor-column elementor-col-33 elementor-top-column elementor-element elementor-element-1a807bf\" data-id=\"1a807bf\" data-element_type=\"column\">\n\t\t\t<div class=\"elementor-widget-wrap elementor-element-populated\">\n\t\t\t\t\t\t\t\t<div class=\"elementor-element elementor-element-a7f3205 elementor-widget elementor-widget-image\" data-id=\"a7f3205\" data-element_type=\"widget\" data-widget_type=\"image.default\">\n\t\t\t\t<div class=\"elementor-widget-container\">\n\t\t\t\t\t\t\t\t\t\t\t\t\t\t\t<img width=\"150\" height=\"150\" src=\"https:\/\/arquimedesmg.com.br\/wp-content\/uploads\/2021\/02\/Sem-titulo-ss1-150x150.png\" class=\"attachment-thumbnail size-thumbnail\" alt=\"\" loading=\"lazy\" srcset=\"https:\/\/arquimedesmg.com.br\/wp-content\/uploads\/2021\/02\/Sem-titulo-ss1-150x150.png 150w, https:\/\/arquimedesmg.com.br\/wp-content\/uploads\/2021\/02\/Sem-titulo-ss1.png 188w\" sizes=\"(max-width: 150px) 100vw, 150px\" \/>\t\t\t\t\t\t\t\t\t\t\t\t\t\t\t<\/div>\n\t\t\t\t<\/div>\n\t\t\t\t<div class=\"elementor-element elementor-element-e020065 elementor-widget elementor-widget-text-editor\" data-id=\"e020065\" data-element_type=\"widget\" data-widget_type=\"text-editor.default\">\n\t\t\t\t<div class=\"elementor-widget-container\">\n\t\t\t\t\t\t\t\t<p style=\"text-align: center;\"><strong>Assist\u00eancia e Suporte <br \/><\/strong><strong>T\u00e9cnico para Governo<\/strong><\/p>\t\t\t\t\t\t<\/div>\n\t\t\t\t<\/div>\n\t\t\t\t<div class=\"elementor-element elementor-element-d6d66bd elementor-align-center elementor-widget elementor-widget-button\" data-id=\"d6d66bd\" data-element_type=\"widget\" data-widget_type=\"button.default\">\n\t\t\t\t<div class=\"elementor-widget-container\">\n\t\t\t\t\t<div class=\"elementor-button-wrapper\">\n\t\t\t<a href=\"https:\/\/arquimedesmg.com.br\/?page_id=1741\" class=\"elementor-button-link elementor-button elementor-size-sm\" role=\"button\">\n\t\t\t\t\t\t<span class=\"elementor-button-content-wrapper\">\n\t\t\t\t\t\t<span class=\"elementor-button-text\">Saiba +<\/span>\n\t\t<\/span>\n\t\t\t\t\t<\/a>\n\t\t<\/div>\n\t\t\t\t<\/div>\n\t\t\t\t<\/div>\n\t\t\t\t\t<\/div>\n\t\t<\/div>\n\t\t\t\t<div class=\"elementor-column elementor-col-33 elementor-top-column elementor-element elementor-element-612d31a\" data-id=\"612d31a\" data-element_type=\"column\">\n\t\t\t<div class=\"elementor-widget-wrap elementor-element-populated\">\n\t\t\t\t\t\t\t\t<div class=\"elementor-element elementor-element-9e9da1b elementor-widget elementor-widget-image\" data-id=\"9e9da1b\" data-element_type=\"widget\" data-widget_type=\"image.default\">\n\t\t\t\t<div class=\"elementor-widget-container\">\n\t\t\t\t\t\t\t\t\t\t\t\t\t\t\t<img width=\"150\" height=\"150\" src=\"https:\/\/arquimedesmg.com.br\/wp-content\/uploads\/2021\/02\/Sem-titulo-1fff-150x150.png\" class=\"attachment-thumbnail size-thumbnail\" alt=\"\" loading=\"lazy\" srcset=\"https:\/\/arquimedesmg.com.br\/wp-content\/uploads\/2021\/02\/Sem-titulo-1fff-150x150.png 150w, https:\/\/arquimedesmg.com.br\/wp-content\/uploads\/2021\/02\/Sem-titulo-1fff.png 168w\" sizes=\"(max-width: 150px) 100vw, 150px\" \/>\t\t\t\t\t\t\t\t\t\t\t\t\t\t\t<\/div>\n\t\t\t\t<\/div>\n\t\t\t\t<div class=\"elementor-element elementor-element-3c8676b elementor-widget elementor-widget-text-editor\" data-id=\"3c8676b\" data-element_type=\"widget\" data-widget_type=\"text-editor.default\">\n\t\t\t\t<div class=\"elementor-widget-container\">\n\t\t\t\t\t\t\t\t<p style=\"text-align: center;\"><strong>Linha de Produtos<\/strong><\/p>\t\t\t\t\t\t<\/div>\n\t\t\t\t<\/div>\n\t\t\t\t<div class=\"elementor-element elementor-element-56fbf50 elementor-align-center elementor-widget elementor-widget-button\" data-id=\"56fbf50\" data-element_type=\"widget\" data-widget_type=\"button.default\">\n\t\t\t\t<div class=\"elementor-widget-container\">\n\t\t\t\t\t<div class=\"elementor-button-wrapper\">\n\t\t\t<a href=\"https:\/\/arquimedesmg.com.br\/?page_id=2213\" class=\"elementor-button-link elementor-button elementor-size-sm\" role=\"button\">\n\t\t\t\t\t\t<span class=\"elementor-button-content-wrapper\">\n\t\t\t\t\t\t<span class=\"elementor-button-text\">Saiba +<\/span>\n\t\t<\/span>\n\t\t\t\t\t<\/a>\n\t\t<\/div>\n\t\t\t\t<\/div>\n\t\t\t\t<\/div>\n\t\t\t\t\t<\/div>\n\t\t<\/div>\n\t\t\t\t<div class=\"elementor-column elementor-col-33 elementor-top-column elementor-element elementor-element-39d1cc8\" data-id=\"39d1cc8\" data-element_type=\"column\">\n\t\t\t<div class=\"elementor-widget-wrap elementor-element-populated\">\n\t\t\t\t\t\t\t\t<div class=\"elementor-element elementor-element-fdf59d8 elementor-widget elementor-widget-image\" data-id=\"fdf59d8\" data-element_type=\"widget\" data-widget_type=\"image.default\">\n\t\t\t\t<div class=\"elementor-widget-container\">\n\t\t\t\t\t\t\t\t\t\t\t\t\t\t\t<img width=\"150\" height=\"150\" src=\"https:\/\/arquimedesmg.com.br\/wp-content\/uploads\/2021\/02\/Sem-titulrrrro-1-150x150.png\" class=\"attachment-thumbnail size-thumbnail\" alt=\"\" loading=\"lazy\" srcset=\"https:\/\/arquimedesmg.com.br\/wp-content\/uploads\/2021\/02\/Sem-titulrrrro-1-150x150.png 150w, https:\/\/arquimedesmg.com.br\/wp-content\/uploads\/2021\/02\/Sem-titulrrrro-1.png 188w\" sizes=\"(max-width: 150px) 100vw, 150px\" \/>\t\t\t\t\t\t\t\t\t\t\t\t\t\t\t<\/div>\n\t\t\t\t<\/div>\n\t\t\t\t<div class=\"elementor-element elementor-element-90f79ea elementor-widget elementor-widget-text-editor\" data-id=\"90f79ea\" data-element_type=\"widget\" data-widget_type=\"text-editor.default\">\n\t\t\t\t<div class=\"elementor-widget-container\">\n\t\t\t\t\t\t\t\t<p style=\"text-align: center;\"><strong>Projetos Especiais<\/strong><\/p>\t\t\t\t\t\t<\/div>\n\t\t\t\t<\/div>\n\t\t\t\t<div class=\"elementor-element elementor-element-77488bb elementor-align-center elementor-widget elementor-widget-button\" data-id=\"77488bb\" data-element_type=\"widget\" data-widget_type=\"button.default\">\n\t\t\t\t<div class=\"elementor-widget-container\">\n\t\t\t\t\t<div class=\"elementor-button-wrapper\">\n\t\t\t<a href=\"https:\/\/arquimedesmg.com.br\/?page_id=2426\" class=\"elementor-button-link elementor-button elementor-size-sm\" role=\"button\">\n\t\t\t\t\t\t<span class=\"elementor-button-content-wrapper\">\n\t\t\t\t\t\t<span class=\"elementor-button-text\">Saiba +<\/span>\n\t\t<\/span>\n\t\t\t\t\t<\/a>\n\t\t<\/div>\n\t\t\t\t<\/div>\n\t\t\t\t<\/div>\n\t\t\t\t\t<\/div>\n\t\t<\/div>\n\t\t\t\t\t\t\t<\/div>\n\t\t<\/section>\n\t\t\t\t\t\t<\/div>\n\t\t\t\t\t<\/div>\n\t\t","protected":false},"excerpt":{"rendered":"<p>Atendimento ao setor P\u00fablico A Empresa Arquimedes Automa\u00e7\u00e3o e Inform\u00e1tica Ltda, visa atender os objetivos e compromissos com governo, ou seja, promover a maior transpar\u00eancia para a gest\u00e3o de compras governamentais. Estes processos promovem uma troca de experi\u00eancias e conhecimento entre os fornecedores e os org\u00e3os p\u00fablicos.Atendemos em todo o territ\u00f3rio nacional, sempre preservando a [&hellip;]<\/p>\n","protected":false},"author":1,"featured_media":0,"parent":0,"menu_order":0,"comment_status":"closed","ping_status":"closed","template":"elementor_header_footer","meta":[],"_links":{"self":[{"href":"https:\/\/arquimedesmg.com.br\/index.php?rest_route=\/wp\/v2\/pages\/1665"}],"collection":[{"href":"https:\/\/arquimedesmg.com.br\/index.php?rest_route=\/wp\/v2\/pages"}],"about":[{"href":"https:\/\/arquimedesmg.com.br\/index.php?rest_route=\/wp\/v2\/types\/page"}],"author":[{"embeddable":true,"href":"https:\/\/arquimedesmg.com.br\/index.php?rest_route=\/wp\/v2\/users\/1"}],"replies":[{"embeddable":true,"href":"https:\/\/arquimedesmg.com.br\/index.php?rest_route=%2Fwp%2Fv2%2Fcomments&post=1665"}],"version-history":[{"count":53,"href":"https:\/\/arquimedesmg.com.br\/index.php?rest_route=\/wp\/v2\/pages\/1665\/revisions"}],"predecessor-version":[{"id":2520,"href":"https:\/\/arquimedesmg.com.br\/index.php?rest_route=\/wp\/v2\/pages\/1665\/revisions\/2520"}],"wp:attachment":[{"href":"https:\/\/arquimedesmg.com.br\/index.php?rest_route=%2Fwp%2Fv2%2Fmedia&parent=1665"}],"curies":[{"name":"wp","href":"https:\/\/api.w.org\/{rel}","templated":true}]}}